{"id":59,"date":"2024-02-25T03:01:43","date_gmt":"2024-02-25T02:01:43","guid":{"rendered":"https:\/\/abco.com.pe\/?page_id=59"},"modified":"2026-01-21T18:01:25","modified_gmt":"2026-01-21T23:01:25","slug":"transicion-energetica","status":"publish","type":"page","link":"https:\/\/abco.com.pe\/en\/transicion-energetica\/","title":{"rendered":"Transici\u00f3n Energ\u00e9tica"},"content":{"rendered":"<div data-elementor-type=\"wp-page\" data-elementor-id=\"59\" class=\"elementor elementor-59\">\n\t\t\t\t<div class=\"elementor-element elementor-element-3e05fa4 e-con-full e-flex e-con e-parent\" data-id=\"3e05fa4\" data-element_type=\"container\" data-e-type=\"container\">\n\t\t\t\t<div class=\"elementor-element elementor-element-82cff67 elementor-widget elementor-widget-video\" data-id=\"82cff67\" data-element_type=\"widget\" data-e-type=\"widget\" data-settings=\"{&quot;video_type&quot;:&quot;hosted&quot;,&quot;autoplay&quot;:&quot;yes&quot;,&quot;loop&quot;:&quot;yes&quot;,&quot;controls&quot;:&quot;yes&quot;}\" data-widget_type=\"video.default\">\n\t\t\t\t<div class=\"elementor-widget-container\">\n\t\t\t\t\t\t\t<div class=\"e-hosted-video elementor-wrapper elementor-open-inline\">\n\t\t\t\t\t<video class=\"elementor-video\" src=\"https:\/\/abco.com.pe\/wp-content\/uploads\/2025\/09\/Solar.mp4\" autoplay=\"\" loop=\"\" controls=\"\" controlslist=\"nodownload\"><\/video>\n\t\t\t\t<\/div>\n\t\t\t\t\t\t<\/div>\n\t\t\t\t<\/div>\n\t\t\t\t<div class=\"elementor-element elementor-element-d4da2c9 elementor-widget elementor-widget-text-editor\" data-id=\"d4da2c9\" data-element_type=\"widget\" data-e-type=\"widget\" data-widget_type=\"text-editor.default\">\n\t\t\t\t<div class=\"elementor-widget-container\">\n\t\t\t\t\t\t\t\t\t<p><span style=\"color: #ffffff;\"><strong><span style=\"font-family: san-francisco-bold; font-size: 24px;\">Energy<\/span><\/strong><\/span><\/p>\t\t\t\t\t\t\t\t<\/div>\n\t\t\t\t<\/div>\n\t\t\t\t<\/div>\n\t\t<div class=\"elementor-element elementor-element-7cbddce e-flex e-con-boxed e-con e-parent\" data-id=\"7cbddce\" data-element_type=\"container\" data-e-type=\"container\">\n\t\t\t\t\t<div class=\"e-con-inner\">\n\t\t<div class=\"elementor-element elementor-element-a82c531 e-con-full e-flex e-con e-child\" data-id=\"a82c531\" data-element_type=\"container\" data-e-type=\"container\">\n\t\t\t\t<div class=\"elementor-element elementor-element-60c9563 elementor-widget elementor-widget-image\" data-id=\"60c9563\" data-element_type=\"widget\" data-e-type=\"widget\" data-widget_type=\"image.default\">\n\t\t\t\t<div class=\"elementor-widget-container\">\n\t\t\t\t\t\t\t\t\t\t\t\t\t\t\t<img fetchpriority=\"high\" decoding=\"async\" width=\"950\" height=\"950\" src=\"https:\/\/abco.com.pe\/wp-content\/uploads\/2025\/09\/Ener-busi-1024x1024.jpg\" class=\"attachment-large size-large wp-image-3606\" alt=\"\" srcset=\"https:\/\/abco.com.pe\/wp-content\/uploads\/2025\/09\/Ener-busi-1024x1024.jpg 1024w, https:\/\/abco.com.pe\/wp-content\/uploads\/2025\/09\/Ener-busi-300x300.jpg 300w, https:\/\/abco.com.pe\/wp-content\/uploads\/2025\/09\/Ener-busi-150x150.jpg 150w, https:\/\/abco.com.pe\/wp-content\/uploads\/2025\/09\/Ener-busi-12x12.jpg 12w, https:\/\/abco.com.pe\/wp-content\/uploads\/2025\/09\/Ener-busi.jpg 1500w\" sizes=\"100vw\" \/>\t\t\t\t\t\t\t\t\t\t\t\t\t\t\t<\/div>\n\t\t\t\t<\/div>\n\t\t\t\t<\/div>\n\t\t<div class=\"elementor-element elementor-element-898398b e-con-full e-flex e-con e-child\" data-id=\"898398b\" data-element_type=\"container\" data-e-type=\"container\">\n\t\t\t\t<div class=\"elementor-element elementor-element-9f4f56b elementor-widget elementor-widget-text-editor\" data-id=\"9f4f56b\" data-element_type=\"widget\" data-e-type=\"widget\" data-widget_type=\"text-editor.default\">\n\t\t\t\t<div class=\"elementor-widget-container\">\n\t\t\t\t\t\t\t\t\t<p><span style=\"color: #495ace; font-family: san-francisco-bold; font-size: 30px;\"><strong>Energy<\/strong><\/span><\/p>\t\t\t\t\t\t\t\t<\/div>\n\t\t\t\t<\/div>\n\t\t\t\t<div class=\"elementor-element elementor-element-dd31416 elementor-widget elementor-widget-text-editor\" data-id=\"dd31416\" data-element_type=\"widget\" data-e-type=\"widget\" data-widget_type=\"text-editor.default\">\n\t\t\t\t<div class=\"elementor-widget-container\">\n\t\t\t\t\t\t\t\t\t<p>Peru has enormous potential in non-conventional renewable energies, particularly in hydropower, solar, wind, and geothermal. At the same time, the large-scale mining sector requires more efficient, cleaner, and more sustainable energy and infrastructure solutions.<\/p><p>At ABCO, we are ready to lead that change. We develop and structure energy projects under various investment schemes, with a strong focus on clean energy. We bring a solid technical, financial, and environmental perspective to deliver solutions that generate clean, reliable, and affordable energy \u2014 even in hard-to-reach areas.<\/p>\t\t\t\t\t\t\t\t<\/div>\n\t\t\t\t<\/div>\n\t\t\t\t<\/div>\n\t\t\t\t\t<\/div>\n\t\t\t\t<\/div>\n\t\t<div class=\"elementor-element elementor-element-7e95f3d e-flex e-con-boxed e-con e-parent\" data-id=\"7e95f3d\" data-element_type=\"container\" data-e-type=\"container\">\n\t\t\t\t\t<div class=\"e-con-inner\">\n\t\t\t\t<div class=\"elementor-element elementor-element-19abecc elementor-widget elementor-widget-spacer\" data-id=\"19abecc\" data-element_type=\"widget\" data-e-type=\"widget\" data-widget_type=\"spacer.default\">\n\t\t\t\t<div class=\"elementor-widget-container\">\n\t\t\t\t\t\t\t<div class=\"elementor-spacer\">\n\t\t\t<div class=\"elementor-spacer-inner\"><\/div>\n\t\t<\/div>\n\t\t\t\t\t\t<\/div>\n\t\t\t\t<\/div>\n\t\t\t\t\t<\/div>\n\t\t\t\t<\/div>\n\t\t<div class=\"elementor-element elementor-element-3de3c95 e-flex e-con-boxed e-con e-parent\" data-id=\"3de3c95\" data-element_type=\"container\" data-e-type=\"container\">\n\t\t\t\t\t<div class=\"e-con-inner\">\n\t\t<div class=\"elementor-element elementor-element-9cede6f e-con-full e-flex e-con e-child\" data-id=\"9cede6f\" data-element_type=\"container\" data-e-type=\"container\">\n\t\t\t\t<div class=\"elementor-element elementor-element-3c725a0 elementor-widget elementor-widget-text-editor\" data-id=\"3c725a0\" data-element_type=\"widget\" data-e-type=\"widget\" data-widget_type=\"text-editor.default\">\n\t\t\t\t<div class=\"elementor-widget-container\">\n\t\t\t\t\t\t\t\t\t<p data-start=\"931\" data-end=\"1063\"><span style=\"font-family: san-francisco-regular; font-size: 16px;\">In addition, we offer comprehensive structuring of BOOT (Build\u2013Own\u2013Operate\u2013Transfer) projects aimed at the mining sector, including:<\/span><\/p><ul data-start=\"1065\" data-end=\"1306\"><li data-start=\"1065\" data-end=\"1119\"><span style=\"font-family: georgia, palatino; font-size: 16px;\">Solar Power Plants<\/span><\/li><li data-start=\"1065\" data-end=\"1119\"><span style=\"font-family: georgia, palatino;\">Wind Power Plants<\/span><\/li><li data-start=\"1065\" data-end=\"1119\"><span style=\"font-family: georgia, palatino;\">Hydropower Plants (NCRE)<\/span><\/li><\/ul><p data-start=\"1308\" data-end=\"1538\"><span style=\"font-family: san-francisco-regular; font-size: 16px;\">Our approach minimizes the client\u2019s CAPEX and maximizes operational efficiency, taking on the risks of design, construction, financing, and operation, with transfer guarantees at the end of the project\u2019s life cycle.<\/span><\/p><p data-start=\"1540\" data-end=\"1711\"><span style=\"font-family: san-francisco-regular; font-size: 16px;\">ABCO combines high-level engineering, robust financial models, and environmental commitment, creating shared value for the industry, the environment, and the communities.<\/span><\/p>\t\t\t\t\t\t\t\t<\/div>\n\t\t\t\t<\/div>\n\t\t\t\t<\/div>\n\t\t<div class=\"elementor-element elementor-element-b2f5522 e-con-full e-flex e-con e-child\" data-id=\"b2f5522\" data-element_type=\"container\" data-e-type=\"container\">\n\t\t\t\t<div class=\"elementor-element elementor-element-7b66c11 elementor-widget elementor-widget-image\" data-id=\"7b66c11\" data-element_type=\"widget\" data-e-type=\"widget\" data-widget_type=\"image.default\">\n\t\t\t\t<div class=\"elementor-widget-container\">\n\t\t\t\t\t\t\t\t\t\t\t\t\t\t\t<img decoding=\"async\" width=\"950\" height=\"869\" src=\"https:\/\/abco.com.pe\/wp-content\/uploads\/2025\/09\/Fin-2-e1757372324279-1024x937.jpg\" class=\"attachment-large size-large wp-image-3605\" alt=\"\" srcset=\"https:\/\/abco.com.pe\/wp-content\/uploads\/2025\/09\/Fin-2-e1757372324279-1024x937.jpg 1024w, https:\/\/abco.com.pe\/wp-content\/uploads\/2025\/09\/Fin-2-e1757372324279-300x275.jpg 300w, https:\/\/abco.com.pe\/wp-content\/uploads\/2025\/09\/Fin-2-e1757372324279-13x12.jpg 13w, https:\/\/abco.com.pe\/wp-content\/uploads\/2025\/09\/Fin-2-e1757372324279-1536x1405.jpg 1536w, https:\/\/abco.com.pe\/wp-content\/uploads\/2025\/09\/Fin-2-e1757372324279-768x703.jpg 768w, https:\/\/abco.com.pe\/wp-content\/uploads\/2025\/09\/Fin-2-e1757372324279.jpg 2000w\" sizes=\"100vw\" \/>\t\t\t\t\t\t\t\t\t\t\t\t\t\t\t<\/div>\n\t\t\t\t<\/div>\n\t\t\t\t<\/div>\n\t\t\t\t\t<\/div>\n\t\t\t\t<\/div>\n\t\t<div class=\"elementor-element elementor-element-219617b e-flex e-con-boxed e-con e-parent\" data-id=\"219617b\" data-element_type=\"container\" data-e-type=\"container\">\n\t\t\t\t\t<div class=\"e-con-inner\">\n\t\t\t\t<div class=\"elementor-element elementor-element-982ad20 elementor-widget elementor-widget-spacer\" data-id=\"982ad20\" data-element_type=\"widget\" data-e-type=\"widget\" data-widget_type=\"spacer.default\">\n\t\t\t\t<div class=\"elementor-widget-container\">\n\t\t\t\t\t\t\t<div class=\"elementor-spacer\">\n\t\t\t<div class=\"elementor-spacer-inner\"><\/div>\n\t\t<\/div>\n\t\t\t\t\t\t<\/div>\n\t\t\t\t<\/div>\n\t\t\t\t\t<\/div>\n\t\t\t\t<\/div>\n\t\t\t\t<\/div>","protected":false},"excerpt":{"rendered":"<p>https:\/\/abco.com.pe\/wp-content\/uploads\/2025\/09\/Solar.mp4 Energ\u00eda Energ\u00eda Per\u00fa tiene un enorme potencial en energ\u00edas renovables no convencionales, especialmente en h\u00eddrica, solar, e\u00f3lica y geot\u00e9rmica. Al mismo tiempo, la gran miner\u00eda necesita soluciones energ\u00e9ticas y de infraestructura m\u00e1s eficientes, limpias y sostenibles. En ABCO, estamos listos para liderar ese cambio. Desarrollamos y estructuramos proyectos energ\u00e9ticos bajo diversos esquemas de inversi\u00f3n &hellip; <\/p>\n<p class=\"link-more\"><a href=\"https:\/\/abco.com.pe\/en\/transicion-energetica\/\" class=\"more-link\">Read more<span class=\"screen-reader-text\"> \u00abTransici\u00f3n Energ\u00e9tica\u00bb<\/span><\/a><\/p>","protected":false},"author":1,"featured_media":0,"parent":0,"menu_order":0,"comment_status":"closed","ping_status":"closed","template":"page-templates\/homepage-no-hero.php","meta":{"footnotes":""},"class_list":["post-59","page","type-page","status-publish","hentry"],"_links":{"self":[{"href":"https:\/\/abco.com.pe\/en\/wp-json\/wp\/v2\/pages\/59","targetHints":{"allow":["GET"]}}],"collection":[{"href":"https:\/\/abco.com.pe\/en\/wp-json\/wp\/v2\/pages"}],"about":[{"href":"https:\/\/abco.com.pe\/en\/wp-json\/wp\/v2\/types\/page"}],"author":[{"embeddable":true,"href":"https:\/\/abco.com.pe\/en\/wp-json\/wp\/v2\/users\/1"}],"replies":[{"embeddable":true,"href":"https:\/\/abco.com.pe\/en\/wp-json\/wp\/v2\/comments?post=59"}],"version-history":[{"count":133,"href":"https:\/\/abco.com.pe\/en\/wp-json\/wp\/v2\/pages\/59\/revisions"}],"predecessor-version":[{"id":5289,"href":"https:\/\/abco.com.pe\/en\/wp-json\/wp\/v2\/pages\/59\/revisions\/5289"}],"wp:attachment":[{"href":"https:\/\/abco.com.pe\/en\/wp-json\/wp\/v2\/media?parent=59"}],"curies":[{"name":"wp","href":"https:\/\/api.w.org\/{rel}","templated":true}]}}