{"id":5391,"date":"2026-01-29T23:37:15","date_gmt":"2026-01-30T04:37:15","guid":{"rendered":"https:\/\/abco.com.pe\/?page_id=5391"},"modified":"2026-01-29T23:48:10","modified_gmt":"2026-01-30T04:48:10","slug":"denuncia-etica","status":"publish","type":"page","link":"https:\/\/abco.com.pe\/en\/denuncia-etica\/","title":{"rendered":"Denuncia por Falta al C\u00f3digo de \u00c9tica"},"content":{"rendered":"<div data-elementor-type=\"wp-page\" data-elementor-id=\"5391\" class=\"elementor elementor-5391\">\n\t\t\t\t<div class=\"elementor-element elementor-element-c6e3ad5 e-con-full e-flex e-con e-parent\" data-id=\"c6e3ad5\" data-element_type=\"container\" data-e-type=\"container\">\n\t\t\t\t<div class=\"elementor-element elementor-element-a942e9d elementor-widget elementor-widget-image\" data-id=\"a942e9d\" data-element_type=\"widget\" data-e-type=\"widget\" data-widget_type=\"image.default\">\n\t\t\t\t<div class=\"elementor-widget-container\">\n\t\t\t\t\t\t\t\t\t\t\t\t\t\t\t<img fetchpriority=\"high\" decoding=\"async\" width=\"2560\" height=\"1707\" src=\"https:\/\/abco.com.pe\/wp-content\/uploads\/2025\/09\/ingeniero-de-sitio-de-construccion-futurista-con-tableta-y-visualizacion-de-datos-holograficos-al-anochecer-scaled.jpg\" class=\"attachment-full size-full wp-image-4082\" alt=\"\" srcset=\"https:\/\/abco.com.pe\/wp-content\/uploads\/2025\/09\/ingeniero-de-sitio-de-construccion-futurista-con-tableta-y-visualizacion-de-datos-holograficos-al-anochecer-scaled.jpg 2560w, https:\/\/abco.com.pe\/wp-content\/uploads\/2025\/09\/ingeniero-de-sitio-de-construccion-futurista-con-tableta-y-visualizacion-de-datos-holograficos-al-anochecer-300x200.jpg 300w, https:\/\/abco.com.pe\/wp-content\/uploads\/2025\/09\/ingeniero-de-sitio-de-construccion-futurista-con-tableta-y-visualizacion-de-datos-holograficos-al-anochecer-1024x683.jpg 1024w, https:\/\/abco.com.pe\/wp-content\/uploads\/2025\/09\/ingeniero-de-sitio-de-construccion-futurista-con-tableta-y-visualizacion-de-datos-holograficos-al-anochecer-2000x1333.jpg 2000w, https:\/\/abco.com.pe\/wp-content\/uploads\/2025\/09\/ingeniero-de-sitio-de-construccion-futurista-con-tableta-y-visualizacion-de-datos-holograficos-al-anochecer-scaled-18x12.jpg 18w, https:\/\/abco.com.pe\/wp-content\/uploads\/2025\/09\/ingeniero-de-sitio-de-construccion-futurista-con-tableta-y-visualizacion-de-datos-holograficos-al-anochecer-scaled-1536x1024.jpg 1536w, https:\/\/abco.com.pe\/wp-content\/uploads\/2025\/09\/ingeniero-de-sitio-de-construccion-futurista-con-tableta-y-visualizacion-de-datos-holograficos-al-anochecer-scaled-2048x1366.jpg 2048w\" sizes=\"100vw\" \/>\t\t\t\t\t\t\t\t\t\t\t\t\t\t\t<\/div>\n\t\t\t\t<\/div>\n\t\t\t\t<\/div>\n\t\t<div class=\"elementor-element elementor-element-9baf4eb e-flex e-con-boxed e-con e-parent\" data-id=\"9baf4eb\" data-element_type=\"container\" data-e-type=\"container\">\n\t\t\t\t\t<div class=\"e-con-inner\">\n\t\t<div class=\"elementor-element elementor-element-4916ce8 e-con-full e-flex e-con e-child\" data-id=\"4916ce8\" data-element_type=\"container\" data-e-type=\"container\">\n\t\t\t\t<div class=\"elementor-element elementor-element-79cdb1f elementor-widget elementor-widget-heading\" data-id=\"79cdb1f\" data-element_type=\"widget\" data-e-type=\"widget\" data-widget_type=\"heading.default\">\n\t\t\t\t<div class=\"elementor-widget-container\">\n\t\t\t\t\t<h2 class=\"elementor-heading-title elementor-size-default\">DENUNCIA POR FALTA AL C\u00d3DICA DE \u00c9TICA<\/h2>\t\t\t\t<\/div>\n\t\t\t\t<\/div>\n\t\t\t\t<div class=\"elementor-element elementor-element-664a512 elementor-widget elementor-widget-text-editor\" data-id=\"664a512\" data-element_type=\"widget\" data-e-type=\"widget\" data-widget_type=\"text-editor.default\">\n\t\t\t\t<div class=\"elementor-widget-container\">\n\t\t\t\t\t\t\t\t\t<p>\n<div class=\"wpcf7 no-js\" id=\"wpcf7-f5390-o1\" lang=\"es-ES\" dir=\"ltr\" data-wpcf7-id=\"5390\">\n<div class=\"screen-reader-response\"><p role=\"status\" aria-live=\"polite\" aria-atomic=\"true\"><\/p> <ul><\/ul><\/div>\n<form action=\"\/en\/wp-json\/wp\/v2\/pages\/5391#wpcf7-f5390-o1\" method=\"post\" class=\"wpcf7-form init\" aria-label=\"Formulario de contacto\" enctype=\"multipart\/form-data\" novalidate=\"novalidate\" data-status=\"init\" data-trp-original-action=\"\/en\/wp-json\/wp\/v2\/pages\/5391#wpcf7-f5390-o1\">\n<fieldset class=\"hidden-fields-container\"><input type=\"hidden\" name=\"_wpcf7\" value=\"5390\" \/><input type=\"hidden\" name=\"_wpcf7_version\" value=\"6.1.5\" \/><input type=\"hidden\" name=\"_wpcf7_locale\" value=\"es_ES\" \/><input type=\"hidden\" name=\"_wpcf7_unit_tag\" value=\"wpcf7-f5390-o1\" \/><input type=\"hidden\" name=\"_wpcf7_container_post\" value=\"0\" \/><input type=\"hidden\" name=\"_wpcf7_posted_data_hash\" value=\"\" \/>\n<\/fieldset>\n<p><b>REGISTRO \u2013 FALTA AL C\u00d3DIGO DE \u00c9TICA<\/b>\n<\/p>\n<p>Empresa o parte interesada (requerido): <span class=\"wpcf7-form-control-wrap\" data-name=\"empresa\"><input size=\"40\" maxlength=\"400\" class=\"wpcf7-form-control wpcf7-text wpcf7-validates-as-required\" aria-required=\"true\" aria-invalid=\"false\" value=\"\" type=\"text\" name=\"empresa\" \/><\/span>\n<\/p>\n<p>Nombre y apellidos del contacto (requerido): <span class=\"wpcf7-form-control-wrap\" data-name=\"nombre\"><input size=\"40\" maxlength=\"400\" class=\"wpcf7-form-control wpcf7-text wpcf7-validates-as-required\" aria-required=\"true\" aria-invalid=\"false\" value=\"\" type=\"text\" name=\"nombre\" \/><\/span>\n<\/p>\n<p>Cargo: <span class=\"wpcf7-form-control-wrap\" data-name=\"cargo\"><input size=\"40\" maxlength=\"400\" class=\"wpcf7-form-control wpcf7-text wpcf7-validates-as-required\" aria-required=\"true\" aria-invalid=\"false\" value=\"\" type=\"text\" name=\"cargo\" \/><\/span>\n<\/p>\n<p>Tel\u00e9fono:<br \/>\n<span class=\"wpcf7-form-control-wrap\" data-name=\"telefono\"><input size=\"40\" maxlength=\"400\" class=\"wpcf7-form-control wpcf7-tel wpcf7-validates-as-required wpcf7-text wpcf7-validates-as-tel\" aria-required=\"true\" aria-invalid=\"false\" value=\"\" type=\"tel\" name=\"telefono\" \/><\/span>\n<\/p>\n<p>Correo:<br \/>\n<span class=\"wpcf7-form-control-wrap\" data-name=\"correo\"><input size=\"40\" maxlength=\"400\" class=\"wpcf7-form-control wpcf7-email wpcf7-validates-as-required wpcf7-text wpcf7-validates-as-email\" aria-required=\"true\" aria-invalid=\"false\" value=\"\" type=\"email\" name=\"correo\" \/><\/span>\n<\/p>\n<p>DNI \/ CED \/ RUC \/ NIT: <span class=\"wpcf7-form-control-wrap\" data-name=\"dni\"><input size=\"40\" maxlength=\"400\" class=\"wpcf7-form-control wpcf7-text wpcf7-validates-as-required\" aria-required=\"true\" aria-invalid=\"false\" value=\"\" type=\"text\" name=\"dni\" \/><\/span>\n<\/p>\n<p>Ciudad: <span class=\"wpcf7-form-control-wrap\" data-name=\"cuidad\"><input size=\"40\" maxlength=\"400\" class=\"wpcf7-form-control wpcf7-text wpcf7-validates-as-required\" aria-required=\"true\" aria-invalid=\"false\" value=\"\" type=\"text\" name=\"cuidad\" \/><\/span>\n<\/p>\n<p>Fecha del Servicio (De aplicar):<br \/>\n<span class=\"wpcf7-form-control-wrap\" data-name=\"fecha\"><input class=\"wpcf7-form-control wpcf7-date wpcf7-validates-as-required wpcf7-validates-as-date\" aria-required=\"true\" aria-invalid=\"false\" value=\"\" type=\"date\" name=\"fecha\" \/><\/span>\n<\/p>\n<p><b>DESCRIPCI\u00d3N DE LA FALTA \u00c9TICA: <span class=\"wpcf7-form-control-wrap\" data-name=\"detalle\"><textarea cols=\"40\" rows=\"10\" maxlength=\"2000\" class=\"wpcf7-form-control wpcf7-textarea\" aria-invalid=\"false\" name=\"detalle\"><\/textarea><\/span><\/b>\n<\/p>\n<p><b>De ser el caso, adjunte alg\u00fan documento sustentario de la Falta al C\u00f3digo de \u00e9tica:<\/b><br \/>\n<span class=\"wpcf7-form-control-wrap\" data-name=\"ARCHIVO1\"><input size=\"40\" class=\"wpcf7-form-control wpcf7-file\" accept=\"audio\/*,video\/*,image\/*\" aria-invalid=\"false\" type=\"file\" name=\"ARCHIVO1\" \/><\/span><br \/>\n<span class=\"wpcf7-form-control-wrap\" data-name=\"ARCHIVO2\"><input size=\"40\" class=\"wpcf7-form-control wpcf7-file\" accept=\"audio\/*,video\/*,image\/*\" aria-invalid=\"false\" type=\"file\" name=\"ARCHIVO2\" \/><\/span>\n<\/p>\n<p><span class=\"wpcf7-form-control-wrap\" data-name=\"Acertijo\"><label><span class=\"wpcf7-quiz-label\">40+5=?<\/span> <input size=\"40\" class=\"wpcf7-form-control wpcf7-quiz\" autocomplete=\"off\" aria-required=\"true\" aria-invalid=\"false\" type=\"text\" name=\"Acertijo\" \/><\/label><input type=\"hidden\" name=\"_wpcf7_quiz_answer_Acertijo\" value=\"d13e9667f77d5d71c03e56145c06bd9d\" \/><\/span>\n<\/p>\n<p><input class=\"wpcf7-form-control wpcf7-submit has-spinner\" type=\"submit\" value=\"Enviar\" \/>\n<\/p><p style=\"display: none !important;\" class=\"akismet-fields-container\" data-prefix=\"_wpcf7_ak_\"><label>&#916;<textarea name=\"_wpcf7_ak_hp_textarea\" cols=\"45\" rows=\"8\" maxlength=\"100\"><\/textarea><\/label><input type=\"hidden\" id=\"ak_js_1\" name=\"_wpcf7_ak_js\" value=\"218\"\/><script>document.getElementById( \"ak_js_1\" ).setAttribute( \"value\", ( new Date() ).getTime() );<\/script><\/p><div class=\"wpcf7-response-output\" aria-hidden=\"true\"><\/div>\n<input type=\"hidden\" name=\"trp-form-language\" value=\"en\"\/><\/form>\n<\/div>\n<\/p>\t\t\t\t\t\t\t\t<\/div>\n\t\t\t\t<\/div>\n\t\t\t\t<\/div>\n\t\t\t\t\t<\/div>\n\t\t\t\t<\/div>\n\t\t<div class=\"elementor-element elementor-element-5b92a43 e-flex e-con-boxed e-con e-parent\" data-id=\"5b92a43\" data-element_type=\"container\" data-e-type=\"container\">\n\t\t\t\t\t<div class=\"e-con-inner\">\n\t\t\t\t<div class=\"elementor-element elementor-element-a8fa957 elementor-widget elementor-widget-text-editor\" data-id=\"a8fa957\" data-element_type=\"widget\" data-e-type=\"widget\" data-widget_type=\"text-editor.default\">\n\t\t\t\t<div class=\"elementor-widget-container\">\n\t\t\t\t\t\t\t\t\t<p><strong><span style=\"font-size: 18px;\">Cualquier trabajador o persona que se percate de una posible violaci\u00f3n de los principios establecidas en el C\u00f3digo de \u00c9tica y Conducta, pol\u00edticas y pr\u00e1cticas contables, financieras y de auditor\u00eda puede presentar una denuncia de manera escrita o electr\u00f3nica a las siguientes direcciones: sgi@abco.com.pe y\/o denuncias@abco.com.pe (Personal del SGI y el Gerente General de ABCOEN S.A.C)<\/span><\/strong><br \/><strong><span style=\"font-size: 18px;\">\u00ab<a href=\"https:\/\/abco.com.pe\/wp-content\/uploads\/2026\/01\/ABCO-AD-DC-02-Codigo-de-Etica-y-Conducta_V01.pdf\" target=\"_blank\" rel=\"noopener\">DESCARGAR AQU\u00cd EL C\u00d3DIGO DE \u00c9TICA Y CONDUCTA<\/a>\u00bb<\/span><\/strong><\/p>\t\t\t\t\t\t\t\t<\/div>\n\t\t\t\t<\/div>\n\t\t\t\t\t<\/div>\n\t\t\t\t<\/div>\n\t\t<div class=\"elementor-element elementor-element-09e9901 e-flex e-con-boxed e-con e-parent\" data-id=\"09e9901\" data-element_type=\"container\" data-e-type=\"container\">\n\t\t\t\t\t<div class=\"e-con-inner\">\n\t\t\t\t<div class=\"elementor-element elementor-element-dad85a1 elementor-widget elementor-widget-spacer\" data-id=\"dad85a1\" data-element_type=\"widget\" data-e-type=\"widget\" data-widget_type=\"spacer.default\">\n\t\t\t\t<div class=\"elementor-widget-container\">\n\t\t\t\t\t\t\t<div class=\"elementor-spacer\">\n\t\t\t<div class=\"elementor-spacer-inner\"><\/div>\n\t\t<\/div>\n\t\t\t\t\t\t<\/div>\n\t\t\t\t<\/div>\n\t\t\t\t\t<\/div>\n\t\t\t\t<\/div>\n\t\t\t\t<\/div>","protected":false},"excerpt":{"rendered":"<p>DENUNCIA POR FALTA AL C\u00d3DICA DE \u00c9TICA Cualquier trabajador o persona que se percate de una posible violaci\u00f3n de los principios establecidas en el C\u00f3digo de \u00c9tica y Conducta, pol\u00edticas y pr\u00e1cticas contables, financieras y de auditor\u00eda puede presentar una denuncia de manera escrita o electr\u00f3nica a las siguientes direcciones: sgi@abco.com.pe y\/o denuncias@abco.com.pe (Personal del &hellip; <\/p>\n<p class=\"link-more\"><a href=\"https:\/\/abco.com.pe\/en\/denuncia-etica\/\" class=\"more-link\">Read more<span class=\"screen-reader-text\"> \u00abDenuncia por Falta al C\u00f3digo de \u00c9tica\u00bb<\/span><\/a><\/p>","protected":false},"author":1,"featured_media":0,"parent":0,"menu_order":0,"comment_status":"closed","ping_status":"closed","template":"page-templates\/homepage-no-hero.php","meta":{"footnotes":""},"class_list":["post-5391","page","type-page","status-publish","hentry"],"_links":{"self":[{"href":"https:\/\/abco.com.pe\/en\/wp-json\/wp\/v2\/pages\/5391","targetHints":{"allow":["GET"]}}],"collection":[{"href":"https:\/\/abco.com.pe\/en\/wp-json\/wp\/v2\/pages"}],"about":[{"href":"https:\/\/abco.com.pe\/en\/wp-json\/wp\/v2\/types\/page"}],"author":[{"embeddable":true,"href":"https:\/\/abco.com.pe\/en\/wp-json\/wp\/v2\/users\/1"}],"replies":[{"embeddable":true,"href":"https:\/\/abco.com.pe\/en\/wp-json\/wp\/v2\/comments?post=5391"}],"version-history":[{"count":10,"href":"https:\/\/abco.com.pe\/en\/wp-json\/wp\/v2\/pages\/5391\/revisions"}],"predecessor-version":[{"id":5409,"href":"https:\/\/abco.com.pe\/en\/wp-json\/wp\/v2\/pages\/5391\/revisions\/5409"}],"wp:attachment":[{"href":"https:\/\/abco.com.pe\/en\/wp-json\/wp\/v2\/media?parent=5391"}],"curies":[{"name":"wp","href":"https:\/\/api.w.org\/{rel}","templated":true}]}}