{"id":5206,"date":"2026-01-21T16:19:03","date_gmt":"2026-01-21T21:19:03","guid":{"rendered":"https:\/\/abco.com.pe\/?page_id=5206"},"modified":"2026-01-29T23:02:05","modified_gmt":"2026-01-30T04:02:05","slug":"politica-anticorrupcion","status":"publish","type":"page","link":"https:\/\/abco.com.pe\/en\/politica-anticorrupcion\/","title":{"rendered":"Pol\u00edtica de Prevenci\u00f3n de Delitos, Anti-corrupci\u00f3n y \u00c9tica"},"content":{"rendered":"<div data-elementor-type=\"wp-page\" data-elementor-id=\"5206\" class=\"elementor elementor-5206\">\n\t\t\t\t<div class=\"elementor-element elementor-element-c6e3ad5 e-con-full e-flex e-con e-parent\" data-id=\"c6e3ad5\" data-element_type=\"container\" data-e-type=\"container\">\n\t\t\t\t<div class=\"elementor-element elementor-element-a942e9d elementor-widget elementor-widget-image\" data-id=\"a942e9d\" data-element_type=\"widget\" data-e-type=\"widget\" data-widget_type=\"image.default\">\n\t\t\t\t<div class=\"elementor-widget-container\">\n\t\t\t\t\t\t\t\t\t\t\t\t\t\t\t<img fetchpriority=\"high\" decoding=\"async\" width=\"2560\" height=\"1707\" src=\"https:\/\/abco.com.pe\/wp-content\/uploads\/2025\/09\/ingeniero-de-sitio-de-construccion-futurista-con-tableta-y-visualizacion-de-datos-holograficos-al-anochecer-scaled.jpg\" class=\"attachment-full size-full wp-image-4082\" alt=\"\" srcset=\"https:\/\/abco.com.pe\/wp-content\/uploads\/2025\/09\/ingeniero-de-sitio-de-construccion-futurista-con-tableta-y-visualizacion-de-datos-holograficos-al-anochecer-scaled.jpg 2560w, https:\/\/abco.com.pe\/wp-content\/uploads\/2025\/09\/ingeniero-de-sitio-de-construccion-futurista-con-tableta-y-visualizacion-de-datos-holograficos-al-anochecer-300x200.jpg 300w, https:\/\/abco.com.pe\/wp-content\/uploads\/2025\/09\/ingeniero-de-sitio-de-construccion-futurista-con-tableta-y-visualizacion-de-datos-holograficos-al-anochecer-1024x683.jpg 1024w, https:\/\/abco.com.pe\/wp-content\/uploads\/2025\/09\/ingeniero-de-sitio-de-construccion-futurista-con-tableta-y-visualizacion-de-datos-holograficos-al-anochecer-2000x1333.jpg 2000w, https:\/\/abco.com.pe\/wp-content\/uploads\/2025\/09\/ingeniero-de-sitio-de-construccion-futurista-con-tableta-y-visualizacion-de-datos-holograficos-al-anochecer-scaled-18x12.jpg 18w, https:\/\/abco.com.pe\/wp-content\/uploads\/2025\/09\/ingeniero-de-sitio-de-construccion-futurista-con-tableta-y-visualizacion-de-datos-holograficos-al-anochecer-scaled-1536x1024.jpg 1536w, https:\/\/abco.com.pe\/wp-content\/uploads\/2025\/09\/ingeniero-de-sitio-de-construccion-futurista-con-tableta-y-visualizacion-de-datos-holograficos-al-anochecer-scaled-2048x1366.jpg 2048w\" sizes=\"100vw\" \/>\t\t\t\t\t\t\t\t\t\t\t\t\t\t\t<\/div>\n\t\t\t\t<\/div>\n\t\t\t\t<div class=\"elementor-element elementor-element-64f8f61 elementor-widget elementor-widget-spacer\" data-id=\"64f8f61\" data-element_type=\"widget\" data-e-type=\"widget\" data-widget_type=\"spacer.default\">\n\t\t\t\t<div class=\"elementor-widget-container\">\n\t\t\t\t\t\t\t<div class=\"elementor-spacer\">\n\t\t\t<div class=\"elementor-spacer-inner\"><\/div>\n\t\t<\/div>\n\t\t\t\t\t\t<\/div>\n\t\t\t\t<\/div>\n\t\t\t\t<\/div>\n\t\t<div class=\"elementor-element elementor-element-9baf4eb e-flex e-con-boxed e-con e-parent\" data-id=\"9baf4eb\" data-element_type=\"container\" data-e-type=\"container\">\n\t\t\t\t\t<div class=\"e-con-inner\">\n\t\t<div class=\"elementor-element elementor-element-4916ce8 e-con-full e-flex e-con e-child\" data-id=\"4916ce8\" data-element_type=\"container\" data-e-type=\"container\">\n\t\t\t\t<div class=\"elementor-element elementor-element-79cdb1f elementor-widget elementor-widget-heading\" data-id=\"79cdb1f\" data-element_type=\"widget\" data-e-type=\"widget\" data-widget_type=\"heading.default\">\n\t\t\t\t<div class=\"elementor-widget-container\">\n\t\t\t\t\t<h2 class=\"elementor-heading-title elementor-size-default\">POLITICA DE PREVENCI\u00d3N DE DELITOS, ANTICORRUPCI\u00d3N Y \u00c9TICA<\/h2>\t\t\t\t<\/div>\n\t\t\t\t<\/div>\n\t\t\t\t<div class=\"elementor-element elementor-element-664a512 elementor-widget elementor-widget-text-editor\" data-id=\"664a512\" data-element_type=\"widget\" data-e-type=\"widget\" data-widget_type=\"text-editor.default\">\n\t\t\t\t<div class=\"elementor-widget-container\">\n\t\t\t\t\t\t\t\t\t<iframe src=\"https:\/\/abco.com.pe\/wp-content\/uploads\/2026\/01\/ABCO-AD-PO-01-Politica-de-prevencion-de-delitos-anti-corrupcion-y-etica_V01.pdf\" width=\"100%\" height=\"700px\"><span data-mce-type=\"bookmark\" style=\"display: inline-block; width: 0px; overflow: hidden; line-height: 0;\" class=\"mce_SELRES_start\"><\/span>\n<\/iframe>\t\t\t\t\t\t\t\t<\/div>\n\t\t\t\t<\/div>\n\t\t\t\t<\/div>\n\t\t\t\t\t<\/div>\n\t\t\t\t<\/div>\n\t\t<div class=\"elementor-element elementor-element-09e9901 e-flex e-con-boxed e-con e-parent\" data-id=\"09e9901\" data-element_type=\"container\" data-e-type=\"container\">\n\t\t\t\t\t<div class=\"e-con-inner\">\n\t\t\t\t<div class=\"elementor-element elementor-element-dad85a1 elementor-widget elementor-widget-spacer\" data-id=\"dad85a1\" data-element_type=\"widget\" data-e-type=\"widget\" data-widget_type=\"spacer.default\">\n\t\t\t\t<div class=\"elementor-widget-container\">\n\t\t\t\t\t\t\t<div class=\"elementor-spacer\">\n\t\t\t<div class=\"elementor-spacer-inner\"><\/div>\n\t\t<\/div>\n\t\t\t\t\t\t<\/div>\n\t\t\t\t<\/div>\n\t\t\t\t\t<\/div>\n\t\t\t\t<\/div>\n\t\t\t\t<\/div>","protected":false},"excerpt":{"rendered":"<p>POLITICA DE PREVENCI\u00d3N DE DELITOS, ANTICORRUPCI\u00d3N Y \u00c9TICA <\/p>","protected":false},"author":1,"featured_media":0,"parent":0,"menu_order":0,"comment_status":"closed","ping_status":"closed","template":"page-templates\/homepage-no-hero.php","meta":{"footnotes":""},"class_list":["post-5206","page","type-page","status-publish","hentry"],"_links":{"self":[{"href":"https:\/\/abco.com.pe\/en\/wp-json\/wp\/v2\/pages\/5206","targetHints":{"allow":["GET"]}}],"collection":[{"href":"https:\/\/abco.com.pe\/en\/wp-json\/wp\/v2\/pages"}],"about":[{"href":"https:\/\/abco.com.pe\/en\/wp-json\/wp\/v2\/types\/page"}],"author":[{"embeddable":true,"href":"https:\/\/abco.com.pe\/en\/wp-json\/wp\/v2\/users\/1"}],"replies":[{"embeddable":true,"href":"https:\/\/abco.com.pe\/en\/wp-json\/wp\/v2\/comments?post=5206"}],"version-history":[{"count":32,"href":"https:\/\/abco.com.pe\/en\/wp-json\/wp\/v2\/pages\/5206\/revisions"}],"predecessor-version":[{"id":5360,"href":"https:\/\/abco.com.pe\/en\/wp-json\/wp\/v2\/pages\/5206\/revisions\/5360"}],"wp:attachment":[{"href":"https:\/\/abco.com.pe\/en\/wp-json\/wp\/v2\/media?parent=5206"}],"curies":[{"name":"wp","href":"https:\/\/api.w.org\/{rel}","templated":true}]}}