{"id":49,"date":"2024-02-25T02:59:59","date_gmt":"2024-02-25T01:59:59","guid":{"rendered":"https:\/\/abco.com.pe\/?page_id=49"},"modified":"2026-01-21T18:11:20","modified_gmt":"2026-01-21T23:11:20","slug":"construccion","status":"publish","type":"page","link":"https:\/\/abco.com.pe\/en\/construccion\/","title":{"rendered":"Construction"},"content":{"rendered":"<div data-elementor-type=\"wp-page\" data-elementor-id=\"49\" class=\"elementor elementor-49\">\n\t\t\t\t<div class=\"elementor-element elementor-element-c6e3ad5 e-con-full e-flex e-con e-parent\" data-id=\"c6e3ad5\" data-element_type=\"container\" data-e-type=\"container\">\n\t\t\t\t<div class=\"elementor-element elementor-element-a942e9d elementor-widget elementor-widget-image\" data-id=\"a942e9d\" data-element_type=\"widget\" data-e-type=\"widget\" data-widget_type=\"image.default\">\n\t\t\t\t<div class=\"elementor-widget-container\">\n\t\t\t\t\t\t\t\t\t\t\t\t\t\t\t<img fetchpriority=\"high\" decoding=\"async\" width=\"2560\" height=\"1707\" src=\"https:\/\/abco.com.pe\/wp-content\/uploads\/2025\/09\/ingeniero-de-sitio-de-construccion-futurista-con-tableta-y-visualizacion-de-datos-holograficos-al-anochecer-scaled.jpg\" class=\"attachment-full size-full wp-image-4082\" alt=\"\" srcset=\"https:\/\/abco.com.pe\/wp-content\/uploads\/2025\/09\/ingeniero-de-sitio-de-construccion-futurista-con-tableta-y-visualizacion-de-datos-holograficos-al-anochecer-scaled.jpg 2560w, https:\/\/abco.com.pe\/wp-content\/uploads\/2025\/09\/ingeniero-de-sitio-de-construccion-futurista-con-tableta-y-visualizacion-de-datos-holograficos-al-anochecer-300x200.jpg 300w, https:\/\/abco.com.pe\/wp-content\/uploads\/2025\/09\/ingeniero-de-sitio-de-construccion-futurista-con-tableta-y-visualizacion-de-datos-holograficos-al-anochecer-1024x683.jpg 1024w, https:\/\/abco.com.pe\/wp-content\/uploads\/2025\/09\/ingeniero-de-sitio-de-construccion-futurista-con-tableta-y-visualizacion-de-datos-holograficos-al-anochecer-2000x1333.jpg 2000w, https:\/\/abco.com.pe\/wp-content\/uploads\/2025\/09\/ingeniero-de-sitio-de-construccion-futurista-con-tableta-y-visualizacion-de-datos-holograficos-al-anochecer-scaled-18x12.jpg 18w, https:\/\/abco.com.pe\/wp-content\/uploads\/2025\/09\/ingeniero-de-sitio-de-construccion-futurista-con-tableta-y-visualizacion-de-datos-holograficos-al-anochecer-scaled-1536x1024.jpg 1536w, https:\/\/abco.com.pe\/wp-content\/uploads\/2025\/09\/ingeniero-de-sitio-de-construccion-futurista-con-tableta-y-visualizacion-de-datos-holograficos-al-anochecer-scaled-2048x1366.jpg 2048w\" sizes=\"100vw\" \/>\t\t\t\t\t\t\t\t\t\t\t\t\t\t\t<\/div>\n\t\t\t\t<\/div>\n\t\t\t\t<div class=\"elementor-element elementor-element-d53b096 elementor-widget elementor-widget-text-editor\" data-id=\"d53b096\" data-element_type=\"widget\" data-e-type=\"widget\" data-widget_type=\"text-editor.default\">\n\t\t\t\t<div class=\"elementor-widget-container\">\n\t\t\t\t\t\t\t\t\t<p><span style=\"font-size: 20px; color: #ffffff; font-family: san-francisco-bold;\"><strong>Construction Management &amp; EPCM\u00b4s<\/strong><\/span><\/p>\t\t\t\t\t\t\t\t<\/div>\n\t\t\t\t<\/div>\n\t\t\t\t<\/div>\n\t\t<div class=\"elementor-element elementor-element-a747da8 e-flex e-con-boxed e-con e-parent\" data-id=\"a747da8\" data-element_type=\"container\" data-e-type=\"container\">\n\t\t\t\t\t<div class=\"e-con-inner\">\n\t\t<div class=\"elementor-element elementor-element-21b3990 e-con-full e-flex e-con e-child\" data-id=\"21b3990\" data-element_type=\"container\" data-e-type=\"container\">\n\t\t\t\t<div class=\"elementor-element elementor-element-4ee6778 elementor-widget elementor-widget-text-editor\" data-id=\"4ee6778\" data-element_type=\"widget\" data-e-type=\"widget\" data-widget_type=\"text-editor.default\">\n\t\t\t\t<div class=\"elementor-widget-container\">\n\t\t\t\t\t\t\t\t\t<p><span style=\"font-family: san-francisco-bold; font-size: 26px;\"><strong>CONSTRUCTION MANAGEMENT<\/strong><\/span><\/p>\t\t\t\t\t\t\t\t<\/div>\n\t\t\t\t<\/div>\n\t\t\t\t<div class=\"elementor-element elementor-element-cb203aa elementor-widget elementor-widget-text-editor\" data-id=\"cb203aa\" data-element_type=\"widget\" data-e-type=\"widget\" data-widget_type=\"text-editor.default\">\n\t\t\t\t<div class=\"elementor-widget-container\">\n\t\t\t\t\t\t\t\t\t<p><span style=\"font-size: 20px;\"><strong><span style=\"font-family: 'comic sans ms', sans-serif;\"><span style=\"color: #999999;\">Standards and philosophies at the service of our clients-<\/span>\u00a0<\/span><\/strong><\/span><\/p>\t\t\t\t\t\t\t\t<\/div>\n\t\t\t\t<\/div>\n\t\t\t\t<div class=\"elementor-element elementor-element-7bcce0b elementor-widget elementor-widget-text-editor\" data-id=\"7bcce0b\" data-element_type=\"widget\" data-e-type=\"widget\" data-widget_type=\"text-editor.default\">\n\t\t\t\t<div class=\"elementor-widget-container\">\n\t\t\t\t\t\t\t\t\t<p><span style=\"font-family: san-francisco-regular;\">At ABCO, we consider construction management an art, guided by the implementation of global standards such as PMBOK and management philosophies like Lean Construction, based on the Toyota Production System. We also apply advanced planning and execution methodologies such as Advanced Work Packaging (AWP). Our integrated approach meets the highest standards to ensure on-schedule, efficient, safe, and profitable project execution.<\/span><\/p><ul><li><span style=\"font-family: san-francisco-regular;\">Efficiency Without Waste: We eliminate inefficiencies and optimize every resource.<\/span><\/li><li><span style=\"font-family: san-francisco-regular;\">Total Control: We integrate engineering, procurement, and construction into clear and executable work packages.<\/span><\/li><li><span style=\"font-family: san-francisco-regular;\">Measurable Results: Greater productivity, cost reduction, and strict schedule compliance.<\/span><\/li><\/ul><p><strong><span style=\"font-family: san-francisco-regular;\">ABCO minimizes uncertainty, maximizes efficiency, and ensures excellence in the management of your projects.<\/span><\/strong><\/p>\t\t\t\t\t\t\t\t<\/div>\n\t\t\t\t<\/div>\n\t\t\t\t<\/div>\n\t\t<div class=\"elementor-element elementor-element-b022626 e-con-full e-flex e-con e-child\" data-id=\"b022626\" data-element_type=\"container\" data-e-type=\"container\">\n\t\t\t\t<div class=\"elementor-element elementor-element-e8b01c0 elementor-widget elementor-widget-image\" data-id=\"e8b01c0\" data-element_type=\"widget\" data-e-type=\"widget\" data-widget_type=\"image.default\">\n\t\t\t\t<div class=\"elementor-widget-container\">\n\t\t\t\t\t\t\t\t\t\t\t\t\t\t\t<img decoding=\"async\" width=\"950\" height=\"761\" src=\"https:\/\/abco.com.pe\/wp-content\/uploads\/2025\/09\/Operate-1024x820.jpg\" class=\"attachment-large size-large wp-image-3800\" alt=\"\" srcset=\"https:\/\/abco.com.pe\/wp-content\/uploads\/2025\/09\/Operate-1024x820.jpg 1024w, https:\/\/abco.com.pe\/wp-content\/uploads\/2025\/09\/Operate-300x240.jpg 300w, https:\/\/abco.com.pe\/wp-content\/uploads\/2025\/09\/Operate-15x12.jpg 15w, https:\/\/abco.com.pe\/wp-content\/uploads\/2025\/09\/Operate.jpg 1352w\" sizes=\"100vw\" \/>\t\t\t\t\t\t\t\t\t\t\t\t\t\t\t<\/div>\n\t\t\t\t<\/div>\n\t\t\t\t<\/div>\n\t\t\t\t\t<\/div>\n\t\t\t\t<\/div>\n\t\t<div class=\"elementor-element elementor-element-f8a7d8b e-flex e-con-boxed e-con e-parent\" data-id=\"f8a7d8b\" data-element_type=\"container\" data-e-type=\"container\">\n\t\t\t\t\t<div class=\"e-con-inner\">\n\t\t<div class=\"elementor-element elementor-element-3e7e57a e-con-full e-flex e-con e-child\" data-id=\"3e7e57a\" data-element_type=\"container\" data-e-type=\"container\">\n\t\t\t\t<div class=\"elementor-element elementor-element-61d154b elementor-widget elementor-widget-image\" data-id=\"61d154b\" data-element_type=\"widget\" data-e-type=\"widget\" data-widget_type=\"image.default\">\n\t\t\t\t<div class=\"elementor-widget-container\">\n\t\t\t\t\t\t\t\t\t\t\t\t\t\t\t<img decoding=\"async\" width=\"950\" height=\"620\" src=\"https:\/\/abco.com.pe\/wp-content\/uploads\/2025\/09\/Screen-Shot-2025-09-08-at-11.29.26-AM-1024x668.png\" class=\"attachment-large size-large wp-image-4119\" alt=\"\" srcset=\"https:\/\/abco.com.pe\/wp-content\/uploads\/2025\/09\/Screen-Shot-2025-09-08-at-11.29.26-AM-1024x668.png 1024w, https:\/\/abco.com.pe\/wp-content\/uploads\/2025\/09\/Screen-Shot-2025-09-08-at-11.29.26-AM-300x196.png 300w, https:\/\/abco.com.pe\/wp-content\/uploads\/2025\/09\/Screen-Shot-2025-09-08-at-11.29.26-AM-18x12.png 18w, https:\/\/abco.com.pe\/wp-content\/uploads\/2025\/09\/Screen-Shot-2025-09-08-at-11.29.26-AM.png 1272w\" sizes=\"100vw\" \/>\t\t\t\t\t\t\t\t\t\t\t\t\t\t\t<\/div>\n\t\t\t\t<\/div>\n\t\t\t\t<\/div>\n\t\t<div class=\"elementor-element elementor-element-11b37ba e-con-full e-flex e-con e-child\" data-id=\"11b37ba\" data-element_type=\"container\" data-e-type=\"container\">\n\t\t\t\t<div class=\"elementor-element elementor-element-70663f2 elementor-widget elementor-widget-text-editor\" data-id=\"70663f2\" data-element_type=\"widget\" data-e-type=\"widget\" data-widget_type=\"text-editor.default\">\n\t\t\t\t<div class=\"elementor-widget-container\">\n\t\t\t\t\t\t\t\t\t<p><span style=\"font-family: san-francisco-bold; font-size: 26px;\"><strong>EPCM PROJECT DEVELOPMENT<\/strong><\/span><\/p>\t\t\t\t\t\t\t\t<\/div>\n\t\t\t\t<\/div>\n\t\t\t\t<div class=\"elementor-element elementor-element-22f75d6 elementor-widget elementor-widget-text-editor\" data-id=\"22f75d6\" data-element_type=\"widget\" data-e-type=\"widget\" data-widget_type=\"text-editor.default\">\n\t\t\t\t<div class=\"elementor-widget-container\">\n\t\t\t\t\t\t\t\t\t<p data-start=\"383\" data-end=\"540\"><span style=\"font-family: san-francisco-regular;\"><span style=\"font-size: 16px;\">We have participated in the development of several EPCM projects in Australia, Oceania, and the Americas.<\/span><\/span><\/p><p data-start=\"383\" data-end=\"540\"><span style=\"font-family: san-francisco-regular; color: var( --e-global-color-text ); text-align: var(--text-align);\">We apply philosophies <\/span>Advanced Work Packaging (AWP)<span style=\"font-family: san-francisco-regular; color: var( --e-global-color-text ); text-align: var(--text-align);\"> en el desarrollo de proyectos bajo el modelo <\/span>EPCM<span style=\"font-family: san-francisco-regular; color: var( --e-global-color-text ); text-align: var(--text-align);\">This allows us to plan and coordinate engineering, procurement, and construction from the early stages, ensuring that each work package has the necessary resources, materials, and permits to be executed without interruptions.<\/span><\/p><p data-start=\"383\" data-end=\"540\"><span style=\"font-family: san-francisco-regular;\"><span style=\"font-size: 16px;\">We also adopt the \u201cFit for Purpose\u201d approach, ensuring that every design, every engineering process, and every solution is tailored to the specific objectives of each project. This allows us to optimize costs, maximize efficiency, and ensure that the final assets meet the exact needs of the client and the business.<\/span><\/span><\/p><p data-start=\"542\" data-end=\"820\"><span style=\"font-family: san-francisco-regular;\"><span style=\"font-size: 16px;\">At the same time, we drive vertical and horizontal integration as a strategy for project development, helping us maximize technical and contractual synergies throughout the execution of projects.<\/span><\/span><\/p>\t\t\t\t\t\t\t\t<\/div>\n\t\t\t\t<\/div>\n\t\t\t\t<\/div>\n\t\t\t\t\t<\/div>\n\t\t\t\t<\/div>\n\t\t<div class=\"elementor-element elementor-element-09e9901 e-flex e-con-boxed e-con e-parent\" data-id=\"09e9901\" data-element_type=\"container\" data-e-type=\"container\">\n\t\t\t\t\t<div class=\"e-con-inner\">\n\t\t\t\t<div class=\"elementor-element elementor-element-dad85a1 elementor-widget elementor-widget-spacer\" data-id=\"dad85a1\" data-element_type=\"widget\" data-e-type=\"widget\" data-widget_type=\"spacer.default\">\n\t\t\t\t<div class=\"elementor-widget-container\">\n\t\t\t\t\t\t\t<div class=\"elementor-spacer\">\n\t\t\t<div class=\"elementor-spacer-inner\"><\/div>\n\t\t<\/div>\n\t\t\t\t\t\t<\/div>\n\t\t\t\t<\/div>\n\t\t\t\t\t<\/div>\n\t\t\t\t<\/div>\n\t\t\t\t<\/div>","protected":false},"excerpt":{"rendered":"<p>Construction Management &amp; EPCM\u00b4s CONSTRUCTION MANAGEMENT Est\u00e1ndares y filosof\u00edas al servicio de nuestros clientes!\u00a0 En ABCO consideramos el gerenciamiento de la construcci\u00f3n un arte cuyos principios se rigen por la implementaci\u00f3n de est\u00e1ndares globales como el PMBOCK o filosof\u00edas de gesti\u00f3n como el Lean Construction fundamentada en el Totota Production System. Asi como la implementaci\u00f3n &hellip; <\/p>\n<p class=\"link-more\"><a href=\"https:\/\/abco.com.pe\/en\/construccion\/\" class=\"more-link\">Read more<span class=\"screen-reader-text\"> \u00abConstrucci\u00f3n\u00bb<\/span><\/a><\/p>","protected":false},"author":1,"featured_media":0,"parent":0,"menu_order":0,"comment_status":"closed","ping_status":"closed","template":"page-templates\/homepage-no-hero.php","meta":{"footnotes":""},"class_list":["post-49","page","type-page","status-publish","hentry"],"_links":{"self":[{"href":"https:\/\/abco.com.pe\/en\/wp-json\/wp\/v2\/pages\/49","targetHints":{"allow":["GET"]}}],"collection":[{"href":"https:\/\/abco.com.pe\/en\/wp-json\/wp\/v2\/pages"}],"about":[{"href":"https:\/\/abco.com.pe\/en\/wp-json\/wp\/v2\/types\/page"}],"author":[{"embeddable":true,"href":"https:\/\/abco.com.pe\/en\/wp-json\/wp\/v2\/users\/1"}],"replies":[{"embeddable":true,"href":"https:\/\/abco.com.pe\/en\/wp-json\/wp\/v2\/comments?post=49"}],"version-history":[{"count":170,"href":"https:\/\/abco.com.pe\/en\/wp-json\/wp\/v2\/pages\/49\/revisions"}],"predecessor-version":[{"id":5313,"href":"https:\/\/abco.com.pe\/en\/wp-json\/wp\/v2\/pages\/49\/revisions\/5313"}],"wp:attachment":[{"href":"https:\/\/abco.com.pe\/en\/wp-json\/wp\/v2\/media?parent=49"}],"curies":[{"name":"wp","href":"https:\/\/api.w.org\/{rel}","templated":true}]}}