{"id":45,"date":"2024-02-25T02:58:31","date_gmt":"2024-02-25T01:58:31","guid":{"rendered":"https:\/\/abco.com.pe\/?page_id=45"},"modified":"2025-09-19T05:08:54","modified_gmt":"2025-09-19T10:08:54","slug":"ingenieria","status":"publish","type":"page","link":"https:\/\/abco.com.pe\/en\/ingenieria\/","title":{"rendered":"Ingenier\u00eda"},"content":{"rendered":"<div data-elementor-type=\"wp-page\" data-elementor-id=\"45\" class=\"elementor elementor-45\">\n\t\t\t\t<div class=\"elementor-element elementor-element-e22d8c6 e-con-full e-flex e-con e-parent\" data-id=\"e22d8c6\" data-element_type=\"container\" data-e-type=\"container\">\n\t\t\t\t<div class=\"elementor-element elementor-element-b563a2d elementor-widget elementor-widget-image\" data-id=\"b563a2d\" data-element_type=\"widget\" data-e-type=\"widget\" data-widget_type=\"image.default\">\n\t\t\t\t<div class=\"elementor-widget-container\">\n\t\t\t\t\t\t\t\t\t\t\t\t\t\t\t<img fetchpriority=\"high\" decoding=\"async\" width=\"1920\" height=\"645\" src=\"https:\/\/abco.com.pe\/wp-content\/uploads\/2025\/09\/22201.webp\" class=\"attachment-full size-full wp-image-2597\" alt=\"\" srcset=\"https:\/\/abco.com.pe\/wp-content\/uploads\/2025\/09\/22201.webp 1920w, https:\/\/abco.com.pe\/wp-content\/uploads\/2025\/09\/22201-300x101.webp 300w, https:\/\/abco.com.pe\/wp-content\/uploads\/2025\/09\/22201-1024x344.webp 1024w, https:\/\/abco.com.pe\/wp-content\/uploads\/2025\/09\/22201-950x320.webp 950w, https:\/\/abco.com.pe\/wp-content\/uploads\/2025\/09\/22201-1536x516.webp 1536w, https:\/\/abco.com.pe\/wp-content\/uploads\/2025\/09\/22201-18x6.webp 18w\" sizes=\"100vw\" \/>\t\t\t\t\t\t\t\t\t\t\t\t\t\t\t<\/div>\n\t\t\t\t<\/div>\n\t\t\t\t<div class=\"elementor-element elementor-element-d515256 elementor-widget elementor-widget-text-editor\" data-id=\"d515256\" data-element_type=\"widget\" data-e-type=\"widget\" data-widget_type=\"text-editor.default\">\n\t\t\t\t<div class=\"elementor-widget-container\">\n\t\t\t\t\t\t\t\t\t<p><span style=\"color: #47ffb3; font-size: 20px; font-family: 'comic sans ms', sans-serif;\"><strong>Mining Engineers &amp; Consultants<\/strong><\/span><\/p>\t\t\t\t\t\t\t\t<\/div>\n\t\t\t\t<\/div>\n\t\t\t\t<\/div>\n\t\t<div class=\"elementor-element elementor-element-ec4d9b9 e-flex e-con-boxed e-con e-parent\" data-id=\"ec4d9b9\" data-element_type=\"container\" data-e-type=\"container\">\n\t\t\t\t\t<div class=\"e-con-inner\">\n\t\t<div class=\"elementor-element elementor-element-4315d11 e-con-full e-flex e-con e-child\" data-id=\"4315d11\" data-element_type=\"container\" data-e-type=\"container\">\n\t\t\t\t<div class=\"elementor-element elementor-element-38fa76a elementor-widget elementor-widget-text-editor\" data-id=\"38fa76a\" data-element_type=\"widget\" data-e-type=\"widget\" data-widget_type=\"text-editor.default\">\n\t\t\t\t<div class=\"elementor-widget-container\">\n\t\t\t\t\t\t\t\t\t<p><span style=\"font-size: 24px; color: #205ced; font-family: san-francisco-bold;\"><strong>Engineering Consulting Services<\/strong><\/span><\/p>\t\t\t\t\t\t\t\t<\/div>\n\t\t\t\t<\/div>\n\t\t\t\t<div class=\"elementor-element elementor-element-1cb931e elementor-widget elementor-widget-text-editor\" data-id=\"1cb931e\" data-element_type=\"widget\" data-e-type=\"widget\" data-widget_type=\"text-editor.default\">\n\t\t\t\t<div class=\"elementor-widget-container\">\n\t\t\t\t\t\t\t\t\t<p><span style=\"font-family: san-francisco-regular; font-size: 16px;\"><strong><span style=\"font-weight: normal;\">We are specialists in mineral processing and plant design, for both <\/span><\/strong><em data-start=\"267\" data-end=\"279\">greenfield<\/em><strong><span style=\"font-weight: normal;\"> and <\/span><\/strong><em data-start=\"285\" data-end=\"297\">brownfield projects.<\/em><strong><span style=\"font-weight: normal;\">.<\/span><\/strong><\/span><\/p><p data-start=\"304\" data-end=\"466\"><span style=\"font-size: 16px; font-family: san-francisco-regular;\">Our focus is on creating the best integration between plant and infrastructure, ensuring maximum operational efficiency and high performance in every project.<\/span><\/p><p data-start=\"468\" data-end=\"692\"><span style=\"font-size: 16px; font-family: san-francisco-regular;\">With extensive experience in Australia and Papua New Guinea, we have developed innovative solutions for copper, gold, and base metal processing plants, delivering solid and sustainable results for our clients.<\/span><\/p>\t\t\t\t\t\t\t\t<\/div>\n\t\t\t\t<\/div>\n\t\t\t\t<\/div>\n\t\t<div class=\"elementor-element elementor-element-c47862d e-con-full e-flex e-con e-child\" data-id=\"c47862d\" data-element_type=\"container\" data-e-type=\"container\">\n\t\t\t\t<div class=\"elementor-element elementor-element-431e5a3 elementor-widget elementor-widget-image\" data-id=\"431e5a3\" data-element_type=\"widget\" data-e-type=\"widget\" data-widget_type=\"image.default\">\n\t\t\t\t<div class=\"elementor-widget-container\">\n\t\t\t\t\t\t\t\t\t\t\t\t\t\t\t<img decoding=\"async\" width=\"950\" height=\"950\" src=\"https:\/\/abco.com.pe\/wp-content\/uploads\/2025\/09\/BHP-concentr-1-1024x1024.jpg\" class=\"attachment-large size-large wp-image-4048\" alt=\"\" srcset=\"https:\/\/abco.com.pe\/wp-content\/uploads\/2025\/09\/BHP-concentr-1-1024x1024.jpg 1024w, https:\/\/abco.com.pe\/wp-content\/uploads\/2025\/09\/BHP-concentr-1-300x300.jpg 300w, https:\/\/abco.com.pe\/wp-content\/uploads\/2025\/09\/BHP-concentr-1-150x150.jpg 150w, https:\/\/abco.com.pe\/wp-content\/uploads\/2025\/09\/BHP-concentr-1-12x12.jpg 12w, https:\/\/abco.com.pe\/wp-content\/uploads\/2025\/09\/BHP-concentr-1.jpg 1500w\" sizes=\"100vw\" \/>\t\t\t\t\t\t\t\t\t\t\t\t\t\t\t<\/div>\n\t\t\t\t<\/div>\n\t\t\t\t<\/div>\n\t\t\t\t\t<\/div>\n\t\t\t\t<\/div>\n\t\t<div class=\"elementor-element elementor-element-6a15642 e-flex e-con-boxed e-con e-parent\" data-id=\"6a15642\" data-element_type=\"container\" data-e-type=\"container\">\n\t\t\t\t\t<div class=\"e-con-inner\">\n\t\t<div class=\"elementor-element elementor-element-f1e1338 e-con-full e-flex e-con e-child\" data-id=\"f1e1338\" data-element_type=\"container\" data-e-type=\"container\">\n\t\t\t\t<div class=\"elementor-element elementor-element-28bb6a5 elementor-widget elementor-widget-image\" data-id=\"28bb6a5\" data-element_type=\"widget\" data-e-type=\"widget\" data-widget_type=\"image.default\">\n\t\t\t\t<div class=\"elementor-widget-container\">\n\t\t\t\t\t\t\t\t\t\t\t\t\t\t\t<img decoding=\"async\" width=\"950\" height=\"761\" src=\"https:\/\/abco.com.pe\/wp-content\/uploads\/2025\/09\/Operate-1024x820.jpg\" class=\"attachment-large size-large wp-image-3800\" alt=\"\" srcset=\"https:\/\/abco.com.pe\/wp-content\/uploads\/2025\/09\/Operate-1024x820.jpg 1024w, https:\/\/abco.com.pe\/wp-content\/uploads\/2025\/09\/Operate-300x240.jpg 300w, https:\/\/abco.com.pe\/wp-content\/uploads\/2025\/09\/Operate-15x12.jpg 15w, https:\/\/abco.com.pe\/wp-content\/uploads\/2025\/09\/Operate.jpg 1352w\" sizes=\"100vw\" \/>\t\t\t\t\t\t\t\t\t\t\t\t\t\t\t<\/div>\n\t\t\t\t<\/div>\n\t\t\t\t<\/div>\n\t\t<div class=\"elementor-element elementor-element-bd00a04 e-con-full e-flex e-con e-child\" data-id=\"bd00a04\" data-element_type=\"container\" data-e-type=\"container\">\n\t\t\t\t<div class=\"elementor-element elementor-element-ca6632c elementor-widget elementor-widget-text-editor\" data-id=\"ca6632c\" data-element_type=\"widget\" data-e-type=\"widget\" data-widget_type=\"text-editor.default\">\n\t\t\t\t<div class=\"elementor-widget-container\">\n\t\t\t\t\t\t\t\t\t<p><span style=\"font-size: 24px; color: #205ced; font-family: san-francisco-bold;\"><strong>Our experience\u00a0<\/strong><\/span><\/p>\t\t\t\t\t\t\t\t<\/div>\n\t\t\t\t<\/div>\n\t\t\t\t<div class=\"elementor-element elementor-element-1a6c7d7 elementor-widget elementor-widget-text-editor\" data-id=\"1a6c7d7\" data-element_type=\"widget\" data-e-type=\"widget\" data-widget_type=\"text-editor.default\">\n\t\t\t\t<div class=\"elementor-widget-container\">\n\t\t\t\t\t\t\t\t\t<p><span style=\"font-family: san-francisco-regular; font-size: 16px;\"><strong>We have extensive experience in the development of:<\/strong><\/span><\/p><ul><li data-start=\"742\" data-end=\"777\"><span style=\"font-family: san-francisco-regular; font-size: 16px;\">Copper processing plants<\/span><\/li><li data-start=\"780\" data-end=\"815\"><span style=\"font-family: san-francisco-regular; font-size: 16px;\">Gold processing plants<\/span><\/li><li><span style=\"font-family: san-francisco-regular; font-size: 16px;\">Coal processing plants<\/span><\/li><li data-start=\"780\" data-end=\"815\"><span style=\"font-family: san-francisco-regular; font-size: 16px;\">Mineral sands plants<\/span><\/li><li data-start=\"925\" data-end=\"956\"><span style=\"font-family: san-francisco-regular; font-size: 16px;\">Crushing and screening plants<\/span><\/li><li data-start=\"959\" data-end=\"983\"><span style=\"font-family: san-francisco-regular; font-size: 16px;\">Flotation circuits<\/span><\/li><li data-start=\"986\" data-end=\"1024\"><span style=\"font-family: san-francisco-regular; font-size: 16px;\">Dewatering and thickening systems<\/span><\/li><li data-start=\"1027\" data-end=\"1065\"><span style=\"font-family: san-francisco-regular; font-size: 16px;\">Feeder and <em data-start=\"1053\" data-end=\"1063\">tripper design<\/em><\/span><\/li><li data-start=\"1068\" data-end=\"1100\"><span style=\"font-family: san-francisco-regular; font-size: 16px;\">Ship loader design<\/span><\/li><\/ul><p data-start=\"1102\" data-end=\"1217\"><span style=\"font-family: san-francisco-regular; font-size: 16px;\"><strong data-start=\"1102\" data-end=\"1215\">Proven experience, applied innovation, and commitment to the success of every mining operation.<\/strong><\/span><\/p>\t\t\t\t\t\t\t\t<\/div>\n\t\t\t\t<\/div>\n\t\t\t\t<\/div>\n\t\t\t\t\t<\/div>\n\t\t\t\t<\/div>\n\t\t<div class=\"elementor-element elementor-element-49c65bce e-flex e-con-boxed e-con e-parent\" data-id=\"49c65bce\" data-element_type=\"container\" data-e-type=\"container\">\n\t\t\t\t\t<div class=\"e-con-inner\">\n\t\t\t\t<div class=\"elementor-element elementor-element-1d60d88 elementor-widget elementor-widget-text-editor\" data-id=\"1d60d88\" data-element_type=\"widget\" data-e-type=\"widget\" data-widget_type=\"text-editor.default\">\n\t\t\t\t<div class=\"elementor-widget-container\">\n\t\t\t\t\t\t\t\t\t<p><span style=\"font-family: san-francisco-regular;\">The ABCO leadership team has been actively involved in the development, studies, and execution of projects for major mining companies such as Rio Tinto, BHP, Newmont, Glencore, Antamina, Cerro Verde, Southern, Marcobre, Newmont-Yanacocha, Hudbay, as well as mid-tier mining operations. This comprehensive experience, spanning from design to execution, gives us the capability to structure high-performance teams.<\/span><\/p>\t\t\t\t\t\t\t\t<\/div>\n\t\t\t\t<\/div>\n\t\t\t\t\t<\/div>\n\t\t\t\t<\/div>\n\t\t\t\t<\/div>","protected":false},"excerpt":{"rendered":"<p>Mining Engineers &amp; Consultants Servicio de consultoria en Ingenier\u00eda Somos especialistas en procesamiento de minerales y dise\u00f1o de plantas, tanto para proyectos greenfield como brownfield. Nuestro enfoque est\u00e1 en crear la mejor integraci\u00f3n entre planta e infraestructura, garantizando m\u00e1xima eficiencia operativa y alto rendimiento en cada proyecto. Con amplia experiencia en Australia y Pap\u00faa Nueva &hellip; <\/p>\n<p class=\"link-more\"><a href=\"https:\/\/abco.com.pe\/en\/ingenieria\/\" class=\"more-link\">Read more<span class=\"screen-reader-text\"> \u00abIngenier\u00eda\u00bb<\/span><\/a><\/p>","protected":false},"author":1,"featured_media":0,"parent":0,"menu_order":0,"comment_status":"closed","ping_status":"closed","template":"page-templates\/homepage-no-hero.php","meta":{"footnotes":""},"class_list":["post-45","page","type-page","status-publish","hentry"],"_links":{"self":[{"href":"https:\/\/abco.com.pe\/en\/wp-json\/wp\/v2\/pages\/45","targetHints":{"allow":["GET"]}}],"collection":[{"href":"https:\/\/abco.com.pe\/en\/wp-json\/wp\/v2\/pages"}],"about":[{"href":"https:\/\/abco.com.pe\/en\/wp-json\/wp\/v2\/types\/page"}],"author":[{"embeddable":true,"href":"https:\/\/abco.com.pe\/en\/wp-json\/wp\/v2\/users\/1"}],"replies":[{"embeddable":true,"href":"https:\/\/abco.com.pe\/en\/wp-json\/wp\/v2\/comments?post=45"}],"version-history":[{"count":145,"href":"https:\/\/abco.com.pe\/en\/wp-json\/wp\/v2\/pages\/45\/revisions"}],"predecessor-version":[{"id":4989,"href":"https:\/\/abco.com.pe\/en\/wp-json\/wp\/v2\/pages\/45\/revisions\/4989"}],"wp:attachment":[{"href":"https:\/\/abco.com.pe\/en\/wp-json\/wp\/v2\/media?parent=45"}],"curies":[{"name":"wp","href":"https:\/\/api.w.org\/{rel}","templated":true}]}}