{"id":1259,"date":"2024-08-17T23:30:46","date_gmt":"2024-08-18T04:30:46","guid":{"rendered":"https:\/\/abco.com.pe\/?page_id=1259"},"modified":"2026-01-21T18:00:21","modified_gmt":"2026-01-21T23:00:21","slug":"gas-petroleo","status":"publish","type":"page","link":"https:\/\/abco.com.pe\/en\/gas-petroleo\/","title":{"rendered":"Oil &amp; Gas"},"content":{"rendered":"<div data-elementor-type=\"wp-page\" data-elementor-id=\"1259\" class=\"elementor elementor-1259\">\n\t\t\t\t<div class=\"elementor-element elementor-element-af35539 e-flex e-con-boxed e-con e-parent\" data-id=\"af35539\" data-element_type=\"container\" data-e-type=\"container\">\n\t\t\t\t\t<div class=\"e-con-inner\">\n\t\t\t\t<div class=\"elementor-element elementor-element-217e620 elementor-widget elementor-widget-video\" data-id=\"217e620\" data-element_type=\"widget\" data-e-type=\"widget\" data-settings=\"{&quot;video_type&quot;:&quot;hosted&quot;,&quot;autoplay&quot;:&quot;yes&quot;,&quot;loop&quot;:&quot;yes&quot;,&quot;controls&quot;:&quot;yes&quot;}\" data-widget_type=\"video.default\">\n\t\t\t\t<div class=\"elementor-widget-container\">\n\t\t\t\t\t\t\t<div class=\"e-hosted-video elementor-wrapper elementor-open-inline\">\n\t\t\t\t\t<video class=\"elementor-video\" src=\"https:\/\/abco.com.pe\/wp-content\/uploads\/2025\/09\/Oil-gas-1.mp4\" autoplay=\"\" loop=\"\" controls=\"\" controlslist=\"nodownload\"><\/video>\n\t\t\t\t<\/div>\n\t\t\t\t\t\t<\/div>\n\t\t\t\t<\/div>\n\t\t\t\t\t<\/div>\n\t\t\t\t<\/div>\n\t\t<div class=\"elementor-element elementor-element-2a926ad e-flex e-con-boxed e-con e-parent\" data-id=\"2a926ad\" data-element_type=\"container\" data-e-type=\"container\">\n\t\t\t\t\t<div class=\"e-con-inner\">\n\t\t<div class=\"elementor-element elementor-element-8f3e84a e-con-full e-flex e-con e-child\" data-id=\"8f3e84a\" data-element_type=\"container\" data-e-type=\"container\">\n\t\t\t\t<div class=\"elementor-element elementor-element-74cb745 elementor-widget elementor-widget-text-editor\" data-id=\"74cb745\" data-element_type=\"widget\" data-e-type=\"widget\" data-widget_type=\"text-editor.default\">\n\t\t\t\t<div class=\"elementor-widget-container\">\n\t\t\t\t\t\t\t\t\t<p style=\"text-align: center;\"><span style=\"font-family: san-francisco-bold; font-size: 30px; color: #495ace;\"><strong data-start=\"1201\" data-end=\"1214\">Oil &amp; Gas<\/strong><\/span><\/p><p><span style=\"font-family: san-francisco-regular; font-size: 15px;\">The Oil &amp; Gas sector is much more than an industry: it is the energy that drives us forward, the circulatory system of a modern world in transition. Like the blood that flows through the body, it carries the energy that gives life to homes, cities, and economies. Without it, society\u2019s arteries would stop, and the pulse of progress would fade away.<\/span><\/p><p data-start=\"545\" data-end=\"862\"><span style=\"font-family: san-francisco-regular; font-size: 15px;\">On a planet striving to move toward new forms of energy, this sector remains the foundation that supports the journey \u2014 ensuring stability as new paths to the energy transition are forged. It is both compass and anchor, engine and balance, the guardian that keeps the world\u2019s flame alive as we design the future together.<\/span><\/p><p><span style=\"font-family: san-francisco-regular; font-size: 15px;\">The oil and gas industry in Peru represents one of the main sources of energy and a key driver of private investment, job creation, and the development of the country\u2019s strategic regions.\u00a0<\/span><\/p>\t\t\t\t\t\t\t\t<\/div>\n\t\t\t\t<\/div>\n\t\t\t\t<\/div>\n\t\t<div class=\"elementor-element elementor-element-a018c00 e-con-full e-flex e-con e-child\" data-id=\"a018c00\" data-element_type=\"container\" data-e-type=\"container\">\n\t\t\t\t<div class=\"elementor-element elementor-element-42d80e2 elementor-widget elementor-widget-image\" data-id=\"42d80e2\" data-element_type=\"widget\" data-e-type=\"widget\" data-widget_type=\"image.default\">\n\t\t\t\t<div class=\"elementor-widget-container\">\n\t\t\t\t\t\t\t\t\t\t\t\t\t\t\t<img fetchpriority=\"high\" decoding=\"async\" width=\"950\" height=\"950\" src=\"https:\/\/abco.com.pe\/wp-content\/uploads\/2025\/09\/ups1-1024x1024.jpg\" class=\"attachment-large size-large wp-image-2935\" alt=\"\" srcset=\"https:\/\/abco.com.pe\/wp-content\/uploads\/2025\/09\/ups1-1024x1024.jpg 1024w, https:\/\/abco.com.pe\/wp-content\/uploads\/2025\/09\/ups1-300x300.jpg 300w, https:\/\/abco.com.pe\/wp-content\/uploads\/2025\/09\/ups1-150x150.jpg 150w, https:\/\/abco.com.pe\/wp-content\/uploads\/2025\/09\/ups1-12x12.jpg 12w, https:\/\/abco.com.pe\/wp-content\/uploads\/2025\/09\/ups1.jpg 1500w\" sizes=\"100vw\" \/>\t\t\t\t\t\t\t\t\t\t\t\t\t\t\t<\/div>\n\t\t\t\t<\/div>\n\t\t\t\t<\/div>\n\t\t\t\t\t<\/div>\n\t\t\t\t<\/div>\n\t\t<div class=\"elementor-element elementor-element-80aad6e e-flex e-con-boxed e-con e-parent\" data-id=\"80aad6e\" data-element_type=\"container\" data-e-type=\"container\">\n\t\t\t\t\t<div class=\"e-con-inner\">\n\t\t<div class=\"elementor-element elementor-element-83ee942 e-con-full e-flex e-con e-child\" data-id=\"83ee942\" data-element_type=\"container\" data-e-type=\"container\">\n\t\t\t\t<div class=\"elementor-element elementor-element-160b7e7 elementor-invisible elementor-widget elementor-widget-image\" data-id=\"160b7e7\" data-element_type=\"widget\" data-e-type=\"widget\" data-settings=\"{&quot;_animation&quot;:&quot;fadeInUp&quot;}\" data-widget_type=\"image.default\">\n\t\t\t\t<div class=\"elementor-widget-container\">\n\t\t\t\t\t\t\t\t\t\t\t\t\t\t\t<img decoding=\"async\" width=\"677\" height=\"1024\" src=\"https:\/\/abco.com.pe\/wp-content\/uploads\/2025\/09\/Upstream-677x1024.jpg\" class=\"attachment-large size-large wp-image-3237\" alt=\"\" srcset=\"https:\/\/abco.com.pe\/wp-content\/uploads\/2025\/09\/Upstream-677x1024.jpg 677w, https:\/\/abco.com.pe\/wp-content\/uploads\/2025\/09\/Upstream-198x300.jpg 198w, https:\/\/abco.com.pe\/wp-content\/uploads\/2025\/09\/Upstream-1016x1536.jpg 1016w, https:\/\/abco.com.pe\/wp-content\/uploads\/2025\/09\/Upstream-8x12.jpg 8w, https:\/\/abco.com.pe\/wp-content\/uploads\/2025\/09\/Upstream.jpg 1125w\" sizes=\"100vw\" \/>\t\t\t\t\t\t\t\t\t\t\t\t\t\t\t<\/div>\n\t\t\t\t<\/div>\n\t\t\t\t<\/div>\n\t\t<div class=\"elementor-element elementor-element-1c664a3 e-con-full e-flex e-con e-child\" data-id=\"1c664a3\" data-element_type=\"container\" data-e-type=\"container\">\n\t\t\t\t<div class=\"elementor-element elementor-element-ea6e9af elementor-widget elementor-widget-text-editor\" data-id=\"ea6e9af\" data-element_type=\"widget\" data-e-type=\"widget\" data-widget_type=\"text-editor.default\">\n\t\t\t\t<div class=\"elementor-widget-container\">\n\t\t\t\t\t\t\t\t\t<p><span style=\"color: #495ace; font-family: san-francisco-bold;\"><strong><span style=\"font-size: 30px;\">Upstream<\/span><\/strong><\/span><\/p>\t\t\t\t\t\t\t\t<\/div>\n\t\t\t\t<\/div>\n\t\t\t\t<div class=\"elementor-element elementor-element-8fc4eb3 elementor-widget elementor-widget-text-editor\" data-id=\"8fc4eb3\" data-element_type=\"widget\" data-e-type=\"widget\" data-widget_type=\"text-editor.default\">\n\t\t\t\t<div class=\"elementor-widget-container\">\n\t\t\t\t\t\t\t\t\t<p style=\"text-align: left;\" data-start=\"621\" data-end=\"722\"><span style=\"font-family: san-francisco-bold; font-size: 18px; color: #808080;\"><strong data-start=\"621\" data-end=\"722\">We support the initial stages of the process.<\/strong><\/span><\/p><figure class=\"wp-block-gallery has-nested-images columns-default is-cropped\"><p><!-- \/wp:image --><\/p><\/figure><p><!-- \/wp:gallery --><\/p>\t\t\t\t\t\t\t\t<\/div>\n\t\t\t\t<\/div>\n\t\t\t\t<div class=\"elementor-element elementor-element-5e4f105 elementor-widget elementor-widget-text-editor\" data-id=\"5e4f105\" data-element_type=\"widget\" data-e-type=\"widget\" data-widget_type=\"text-editor.default\">\n\t\t\t\t<div class=\"elementor-widget-container\">\n\t\t\t\t\t\t\t\t\t<p><span style=\"font-size: 15px; font-family: san-francisco-regular;\">We provide services in construction management, supervision, and master service agreement (MSAs) contracts in the oil &amp; gas sector.\u00a0<\/span><\/p><p><span style=\"font-size: 15px; font-family: san-francisco-regular;\">Our multidisciplinary team has extensive experience in upstream operations as an owner with companies such as ExxonMobil, Pluspetrol, Repsol, among others, as well as with service providers in engineering and construction.\u00a0<\/span><\/p><p data-start=\"426\" data-end=\"693\"><span style=\"font-size: 15px; font-family: san-francisco-regular;\">\u2013 Drilling: Supervision and construction management for drilling operations and well facilities development,\u00a0<\/span><\/p><p data-start=\"426\" data-end=\"693\"><span style=\"font-size: 15px; font-family: san-francisco-regular;\">\u2013 Transportation: Supervision and construction management for the execution of crude oil flowlines and gas pipelines, including pumping stations, manifolds, and related facilities.<\/span><\/p><p data-start=\"426\" data-end=\"693\"><span style=\"font-size: 15px; font-family: san-francisco-regular;\">\u2013 Primary Processing: Supervision and construction management for the execution and maintenance of fractionation facilities, primary processing at tank batteries, two-phase and three-phase separation units, and other associated infrastructure.\u00a0<\/span><\/p><p data-start=\"426\" data-end=\"693\"><span style=\"font-size: 15px; font-family: san-francisco-regular;\">\u2013 Topping Plants: Project management of topping plant-type projects in upstream.\u00a0<\/span><\/p><p data-start=\"695\" data-end=\"997\"><span style=\"font-size: 15px; font-family: san-francisco-regular;\">\u2013 International Standards: API, ASME, ISO, NFPA, and local regulations.<\/span><\/p><p><span style=\"font-size: 15px; font-family: san-francisco-regular;\">\u2013 HSE and Environmental Framework Contracts: Development of framework agreements supported by strict HSE management.<\/span><\/p><p data-start=\"727\" data-end=\"995\"><span style=\"font-family: san-francisco-regular;\"><span style=\"font-size: 16px;\">\u00a0<\/span><strong style=\"font-size: 16px;\">Supporting the early phases of reserve development!<\/strong><\/span><\/p><figure class=\"wp-block-gallery has-nested-images columns-default is-cropped\"><p><!-- \/wp:image --><\/p><\/figure><p><!-- \/wp:gallery --><\/p>\t\t\t\t\t\t\t\t<\/div>\n\t\t\t\t<\/div>\n\t\t\t\t<\/div>\n\t\t\t\t\t<\/div>\n\t\t\t\t<\/div>\n\t\t<div class=\"elementor-element elementor-element-0c710a4 e-flex e-con-boxed e-con e-parent\" data-id=\"0c710a4\" data-element_type=\"container\" data-e-type=\"container\">\n\t\t\t\t\t<div class=\"e-con-inner\">\n\t\t<div class=\"elementor-element elementor-element-6f922f0 e-con-full e-flex e-con e-child\" data-id=\"6f922f0\" data-element_type=\"container\" data-e-type=\"container\">\n\t\t\t\t<div class=\"elementor-element elementor-element-9a234e5 elementor-invisible elementor-widget elementor-widget-image\" data-id=\"9a234e5\" data-element_type=\"widget\" data-e-type=\"widget\" data-settings=\"{&quot;_animation&quot;:&quot;fadeInUp&quot;}\" data-widget_type=\"image.default\">\n\t\t\t\t<div class=\"elementor-widget-container\">\n\t\t\t\t\t\t\t\t\t\t\t\t\t\t\t<img decoding=\"async\" width=\"675\" height=\"1024\" src=\"https:\/\/abco.com.pe\/wp-content\/uploads\/2025\/09\/Midstream-675x1024.jpg\" class=\"attachment-large size-large wp-image-3241\" alt=\"\" srcset=\"https:\/\/abco.com.pe\/wp-content\/uploads\/2025\/09\/Midstream-675x1024.jpg 675w, https:\/\/abco.com.pe\/wp-content\/uploads\/2025\/09\/Midstream-198x300.jpg 198w, https:\/\/abco.com.pe\/wp-content\/uploads\/2025\/09\/Midstream-1013x1536.jpg 1013w, https:\/\/abco.com.pe\/wp-content\/uploads\/2025\/09\/Midstream-8x12.jpg 8w, https:\/\/abco.com.pe\/wp-content\/uploads\/2025\/09\/Midstream.jpg 1121w\" sizes=\"100vw\" \/>\t\t\t\t\t\t\t\t\t\t\t\t\t\t\t<\/div>\n\t\t\t\t<\/div>\n\t\t\t\t<\/div>\n\t\t<div class=\"elementor-element elementor-element-ecf2511 e-con-full e-flex e-con e-child\" data-id=\"ecf2511\" data-element_type=\"container\" data-e-type=\"container\">\n\t\t\t\t<div class=\"elementor-element elementor-element-1020890 elementor-widget elementor-widget-text-editor\" data-id=\"1020890\" data-element_type=\"widget\" data-e-type=\"widget\" data-widget_type=\"text-editor.default\">\n\t\t\t\t<div class=\"elementor-widget-container\">\n\t\t\t\t\t\t\t\t\t<p><span style=\"color: #2452d5; font-family: san-francisco-bold;\"><strong><span style=\"font-size: 30px;\">Midstream<\/span><\/strong><\/span><\/p>\t\t\t\t\t\t\t\t<\/div>\n\t\t\t\t<\/div>\n\t\t\t\t<div class=\"elementor-element elementor-element-add708d elementor-widget elementor-widget-text-editor\" data-id=\"add708d\" data-element_type=\"widget\" data-e-type=\"widget\" data-widget_type=\"text-editor.default\">\n\t\t\t\t<div class=\"elementor-widget-container\">\n\t\t\t\t\t\t\t\t\t<p data-start=\"617\" data-end=\"684\"><span style=\"font-family: san-francisco-regular; color: #808080;\"><strong><span style=\"font-size: 18px;\">We support <\/span><span style=\"font-size: 18px;\">mining that transforms the world into a more sustainable one.<\/span>.<\/strong><\/span><\/p><figure class=\"wp-block-gallery has-nested-images columns-default is-cropped\"><!-- \/wp:image --><\/figure><p><!-- \/wp:gallery --><\/p>\t\t\t\t\t\t\t\t<\/div>\n\t\t\t\t<\/div>\n\t\t\t\t<div class=\"elementor-element elementor-element-9bac5fd elementor-widget elementor-widget-text-editor\" data-id=\"9bac5fd\" data-element_type=\"widget\" data-e-type=\"widget\" data-widget_type=\"text-editor.default\">\n\t\t\t\t<div class=\"elementor-widget-container\">\n\t\t\t\t\t\t\t\t\t<p><span style=\"font-size: 15px; font-family: san-francisco-regular;\">We provide services in construction management, supervision, and master service agreement (MSAs) contracts in the oil &amp; gas sector.\u00a0<\/span><\/p><p><span style=\"font-size: 15px; font-family: san-francisco-regular;\">Our multidisciplinary team has extensive midstream experience, having acted as owner with companies such as ExxonMobil, Pluspetrol, and Repsol, among others, as well as with service providers.\u00a0<\/span><\/p><p data-start=\"426\" data-end=\"693\"><span style=\"font-size: 15px; font-family: san-francisco-regular;\">\u2013 Pipelines: Supervision and construction management in the development of drilling operations and well facilities.\u00a0<\/span><\/p><p data-start=\"426\" data-end=\"693\"><span style=\"font-size: 15px; font-family: san-francisco-regular;\">\u2013 Pumping stations.<\/span><\/p><p data-start=\"426\" data-end=\"693\"><span style=\"font-size: 15px; font-family: san-francisco-regular;\">\u2013 Pig launching stations.<\/span><\/p><p data-start=\"426\" data-end=\"693\"><span style=\"font-size: 15px; font-family: san-francisco-regular;\">\u2013 Poliducts.<\/span><\/p><p data-start=\"426\" data-end=\"693\"><span style=\"font-size: 15px; font-family: san-francisco-regular;\">\u2013 Gas compression plants.<\/span><\/p><p data-start=\"426\" data-end=\"693\"><span style=\"font-family: san-francisco-regular;\"><strong style=\"font-size: 16px;\">We support the safe transportation of crude oil, gas, and liquids.<\/strong><\/span><\/p><figure class=\"wp-block-gallery has-nested-images columns-default is-cropped\"><p><!-- \/wp:image --><\/p><\/figure><p><!-- \/wp:gallery --><\/p>\t\t\t\t\t\t\t\t<\/div>\n\t\t\t\t<\/div>\n\t\t\t\t<\/div>\n\t\t\t\t\t<\/div>\n\t\t\t\t<\/div>\n\t\t<div class=\"elementor-element elementor-element-5ec3485 e-flex e-con-boxed e-con e-parent\" data-id=\"5ec3485\" data-element_type=\"container\" data-e-type=\"container\">\n\t\t\t\t\t<div class=\"e-con-inner\">\n\t\t<div class=\"elementor-element elementor-element-9d40e6c e-con-full e-flex e-con e-child\" data-id=\"9d40e6c\" data-element_type=\"container\" data-e-type=\"container\">\n\t\t\t\t<div class=\"elementor-element elementor-element-ed8d656 elementor-invisible elementor-widget elementor-widget-image\" data-id=\"ed8d656\" data-element_type=\"widget\" data-e-type=\"widget\" data-settings=\"{&quot;_animation&quot;:&quot;fadeInUp&quot;}\" data-widget_type=\"image.default\">\n\t\t\t\t<div class=\"elementor-widget-container\">\n\t\t\t\t\t\t\t\t\t\t\t\t\t\t\t<img loading=\"lazy\" decoding=\"async\" width=\"676\" height=\"1024\" src=\"https:\/\/abco.com.pe\/wp-content\/uploads\/2025\/09\/OIlGAS-3-676x1024.jpg\" class=\"attachment-large size-large wp-image-2746\" alt=\"\" srcset=\"https:\/\/abco.com.pe\/wp-content\/uploads\/2025\/09\/OIlGAS-3-676x1024.jpg 676w, https:\/\/abco.com.pe\/wp-content\/uploads\/2025\/09\/OIlGAS-3-198x300.jpg 198w, https:\/\/abco.com.pe\/wp-content\/uploads\/2025\/09\/OIlGAS-3-1014x1536.jpg 1014w, https:\/\/abco.com.pe\/wp-content\/uploads\/2025\/09\/OIlGAS-3-8x12.jpg 8w, https:\/\/abco.com.pe\/wp-content\/uploads\/2025\/09\/OIlGAS-3.jpg 1122w\" sizes=\"100vw\" \/>\t\t\t\t\t\t\t\t\t\t\t\t\t\t\t<\/div>\n\t\t\t\t<\/div>\n\t\t\t\t<\/div>\n\t\t<div class=\"elementor-element elementor-element-7edc9f7 e-con-full e-flex e-con e-child\" data-id=\"7edc9f7\" data-element_type=\"container\" data-e-type=\"container\">\n\t\t\t\t<div class=\"elementor-element elementor-element-a99364c elementor-widget elementor-widget-text-editor\" data-id=\"a99364c\" data-element_type=\"widget\" data-e-type=\"widget\" data-widget_type=\"text-editor.default\">\n\t\t\t\t<div class=\"elementor-widget-container\">\n\t\t\t\t\t\t\t\t\t<p><span style=\"color: #2452d5; font-family: san-francisco-regular;\"><strong><span style=\"font-size: 30px;\">Downstream<\/span><\/strong><\/span><\/p>\t\t\t\t\t\t\t\t<\/div>\n\t\t\t\t<\/div>\n\t\t\t\t<div class=\"elementor-element elementor-element-496a284 elementor-widget elementor-widget-text-editor\" data-id=\"496a284\" data-element_type=\"widget\" data-e-type=\"widget\" data-widget_type=\"text-editor.default\">\n\t\t\t\t<div class=\"elementor-widget-container\">\n\t\t\t\t\t\t\t\t\t<p data-start=\"617\" data-end=\"684\"><span style=\"font-family: san-francisco-regular; color: #808080;\"><strong><span style=\"font-size: 18px;\">Energy drives the world, and we support a sustainable transition.<\/span><\/strong><\/span><\/p><figure class=\"wp-block-gallery has-nested-images columns-default is-cropped\"><!-- \/wp:image --><\/figure><p><!-- \/wp:gallery --><\/p>\t\t\t\t\t\t\t\t<\/div>\n\t\t\t\t<\/div>\n\t\t\t\t<div class=\"elementor-element elementor-element-1ebc80f elementor-widget elementor-widget-text-editor\" data-id=\"1ebc80f\" data-element_type=\"widget\" data-e-type=\"widget\" data-widget_type=\"text-editor.default\">\n\t\t\t\t<div class=\"elementor-widget-container\">\n\t\t\t\t\t\t\t\t\t<p><span style=\"font-family: san-francisco-regular; font-size: 15px;\">We provide services in construction management, supervision, and master service agreement (MSAs) contracts in the oil &amp; gas sector.\u00a0<\/span><\/p><p><span style=\"font-family: san-francisco-regular; font-size: 15px;\">Our multidisciplinary team has extensive experience in downstream, having acted as owner with oil companies such as ExxonMobil, Pluspetrol, and Repsol, among others, as well as with engineering and construction service providers.\u00a0<\/span><\/p><p data-start=\"426\" data-end=\"693\"><span style=\"font-family: san-francisco-regular; font-size: 15px;\">- Refineries: Supervision and CM in the execution and expansion of refineries.<\/span><\/p><p data-start=\"426\" data-end=\"693\"><span style=\"font-family: san-francisco-regular; font-size: 15px;\">- Storage and Loading Plants.<\/span><\/p><p data-start=\"426\" data-end=\"693\"><span style=\"font-family: san-francisco-regular; font-size: 15px;\">\u00a0<\/span><\/p><p data-start=\"1320\" data-end=\"1539\"><span style=\"font-family: san-francisco-regular; font-size: 16px;\"><strong data-start=\"1320\" data-end=\"1405\">Committed to the final stage of the value chain!<\/strong><\/span><\/p><figure class=\"wp-block-gallery has-nested-images columns-default is-cropped\"><!-- \/wp:image --><\/figure><p><!-- \/wp:gallery --><\/p>\t\t\t\t\t\t\t\t<\/div>\n\t\t\t\t<\/div>\n\t\t\t\t<\/div>\n\t\t\t\t\t<\/div>\n\t\t\t\t<\/div>\n\t\t<div class=\"elementor-element elementor-element-747f515 e-flex e-con-boxed e-con e-parent\" data-id=\"747f515\" data-element_type=\"container\" data-e-type=\"container\">\n\t\t\t\t\t<div class=\"e-con-inner\">\n\t\t\t\t<div class=\"elementor-element elementor-element-4725a73 elementor-widget elementor-widget-spacer\" data-id=\"4725a73\" data-element_type=\"widget\" data-e-type=\"widget\" data-widget_type=\"spacer.default\">\n\t\t\t\t<div class=\"elementor-widget-container\">\n\t\t\t\t\t\t\t<div class=\"elementor-spacer\">\n\t\t\t<div class=\"elementor-spacer-inner\"><\/div>\n\t\t<\/div>\n\t\t\t\t\t\t<\/div>\n\t\t\t\t<\/div>\n\t\t\t\t\t<\/div>\n\t\t\t\t<\/div>\n\t\t\t\t<\/div>","protected":false},"excerpt":{"rendered":"<p>https:\/\/abco.com.pe\/wp-content\/uploads\/2025\/09\/Oil-gas-1.mp4 Petr\u00f3leo &amp; Gas El sector Oil &amp; Gas es mucho m\u00e1s que una industria: es la energ\u00eda que mueve, es el sistema circulatorio del mundo moderno en transici\u00f3n. Como la sangre que recorre el cuerpo, transporta energ\u00eda que da vida a hogares, ciudades y econom\u00edas. Sin \u00e9l, las arterias de la sociedad se detendr\u00edan &hellip; <\/p>\n<p class=\"link-more\"><a href=\"https:\/\/abco.com.pe\/en\/gas-petroleo\/\" class=\"more-link\">Read more<span class=\"screen-reader-text\"> \u00abGas &#038; Petr\u00f3leo\u00bb<\/span><\/a><\/p>","protected":false},"author":1,"featured_media":0,"parent":0,"menu_order":0,"comment_status":"closed","ping_status":"closed","template":"page-templates\/homepage-no-hero.php","meta":{"footnotes":""},"class_list":["post-1259","page","type-page","status-publish","hentry"],"_links":{"self":[{"href":"https:\/\/abco.com.pe\/en\/wp-json\/wp\/v2\/pages\/1259","targetHints":{"allow":["GET"]}}],"collection":[{"href":"https:\/\/abco.com.pe\/en\/wp-json\/wp\/v2\/pages"}],"about":[{"href":"https:\/\/abco.com.pe\/en\/wp-json\/wp\/v2\/types\/page"}],"author":[{"embeddable":true,"href":"https:\/\/abco.com.pe\/en\/wp-json\/wp\/v2\/users\/1"}],"replies":[{"embeddable":true,"href":"https:\/\/abco.com.pe\/en\/wp-json\/wp\/v2\/comments?post=1259"}],"version-history":[{"count":221,"href":"https:\/\/abco.com.pe\/en\/wp-json\/wp\/v2\/pages\/1259\/revisions"}],"predecessor-version":[{"id":5283,"href":"https:\/\/abco.com.pe\/en\/wp-json\/wp\/v2\/pages\/1259\/revisions\/5283"}],"wp:attachment":[{"href":"https:\/\/abco.com.pe\/en\/wp-json\/wp\/v2\/media?parent=1259"}],"curies":[{"name":"wp","href":"https:\/\/api.w.org\/{rel}","templated":true}]}}